{"id":45172,"date":"2026-05-02T23:47:14","date_gmt":"2026-05-02T21:47:14","guid":{"rendered":"https:\/\/pressinspection.com\/?post_type=product&#038;p=45172"},"modified":"2026-05-05T04:31:07","modified_gmt":"2026-05-05T02:31:07","slug":"table-bundler-busch-tb-24-ii","status":"publish","type":"product","link":"https:\/\/pressinspection.com\/pl\/product\/table-bundler-busch-tb-24-ii\/","title":{"rendered":"Table bundler Busch TB 24-II"},"content":{"rendered":"<p><strong>Table bundler Busch TB 24-II<br \/>\nfrom 2000  <\/strong><br \/>\n<strong>cleaned and workshop tested condition (wear parts replaced)<\/strong><\/p>\n<p>Bundle material is coated kraft paper (brown or white) or transparent polypropylene film.<br \/>\nEquipment with digital display, error display and electronic temperature control.<\/p>\n<p>Operating options:<br \/>\n&#8211; Single cycle triggering via pushbutton<br \/>\n&#8211; Single cycle triggering via foot pedal <em>(optional)<\/em><br \/>\n&#8211; Automatic triggering via sensor<\/p>\n<p>Bundle material: Coated kraft paper, polypropylene film (PP)<br \/>\nBelt widths: <strong>40 and 50 mm<\/strong><br \/>\nRoll length kraft paper 150 \/ foil 200 m<br \/>\nMachine output 20 &#8211; 25 cycles\/min.<br \/>\nMax. Dimension of bundled goods: 240mm width for paper bundling and 180mm for film bundling, height 150mm , length unlimited.<\/p>\n","protected":false},"excerpt":{"rendered":"<table class=\"pi-import-specs woocommerce-product-attributes shop_attributes\">\n<tbody>\n<tr>\n<th>Manufacturer<\/th>\n<td>Busch<\/td>\n<\/tr>\n<tr>\n<th>Year<\/th>\n<td>2000<\/td>\n<\/tr>\n<tr>\n<th>Model<\/th>\n<td>TB 24-II<\/td>\n<\/tr>\n<\/tbody>\n<\/table>\n","protected":false},"featured_media":44619,"comment_status":"closed","ping_status":"closed","template":"","meta":[],"product_brand":[],"product_cat":[2435,1122,1134],"product_tag":[],"class_list":{"0":"post-45172","1":"product","2":"type-product","3":"status-publish","4":"has-post-thumbnail","6":"product_cat-other","7":"product_cat-equipment","8":"product_cat-postpress","10":"first","11":"instock","12":"sold-individually","13":"taxable","14":"shipping-taxable","15":"product-type-simple"},"booking_location":null,"booking_location_type":null,"booking_duration":null,"booking_duration_unit":null,"booking_buffer":null,"booking_cost":null,"booking_resources":null,"yoast_head":"<!-- This site is optimized with the Yoast SEO Premium plugin v26.9 (Yoast SEO v26.9) - https:\/\/yoast.com\/product\/yoast-seo-premium-wordpress\/ -->\n<title>Pressinspection.com | Table bundler Busch TB 24-II<\/title>\n<meta name=\"description\" content=\"A B2B professional tool for print shops and service specialists to find and organise services in one secure system.\" \/>\n<meta name=\"robots\" content=\"index, follow, max-snippet:-1, max-image-preview:large, max-video-preview:-1\" \/>\n<link rel=\"canonical\" href=\"https:\/\/pressinspection.com\/product\/table-bundler-busch-tb-24-ii\/\" \/>\n<meta property=\"og:locale\" content=\"pl_PL\" \/>\n<meta property=\"og:type\" content=\"article\" \/>\n<meta property=\"og:title\" content=\"Pressinspection.com | Table bundler Busch TB 24-II\" \/>\n<meta property=\"og:description\" content=\"A B2B professional tool for print shops and service specialists to find and organise services in one secure system.\" \/>\n<meta property=\"og:url\" content=\"https:\/\/pressinspection.com\/product\/table-bundler-busch-tb-24-ii\/\" \/>\n<meta property=\"og:site_name\" content=\"PressInspection\u2122\" \/>\n<meta property=\"article:publisher\" content=\"https:\/\/www.facebook.com\/pressinspectioncom\/\" \/>\n<meta property=\"article:modified_time\" content=\"2026-05-05T02:31:07+00:00\" \/>\n<meta property=\"og:image\" content=\"https:\/\/pressinspection.com\/wp-content\/uploads\/2026\/05\/20230721_090744.jpg\" \/>\n\t<meta property=\"og:image:width\" content=\"1152\" \/>\n\t<meta property=\"og:image:height\" content=\"560\" \/>\n\t<meta property=\"og:image:type\" content=\"image\/jpeg\" \/>\n<meta name=\"twitter:card\" content=\"summary_large_image\" \/>\n<meta name=\"twitter:label1\" content=\"Cena\" \/>\n\t<meta name=\"twitter:data1\" content=\"\" \/>\n\t<meta name=\"twitter:label2\" content=\"Dost\u0119pno\u015b\u0107\" \/>\n\t<meta name=\"twitter:data2\" content=\"Dost\u0119pny\" \/>\n<script type=\"application\/ld+json\" class=\"yoast-schema-graph\">{\"@context\":\"https:\/\/schema.org\",\"@graph\":[{\"@type\":\"WebPage\",\"@id\":\"https:\/\/pressinspection.com\/product\/table-bundler-busch-tb-24-ii\/\",\"url\":\"https:\/\/pressinspection.com\/product\/table-bundler-busch-tb-24-ii\/\",\"name\":\"Pressinspection.com | Table bundler Busch TB 24-II\",\"isPartOf\":{\"@id\":\"https:\/\/pressinspection.com\/#website\"},\"primaryImageOfPage\":{\"@id\":\"https:\/\/pressinspection.com\/product\/table-bundler-busch-tb-24-ii\/#primaryimage\"},\"image\":{\"@id\":\"https:\/\/pressinspection.com\/product\/table-bundler-busch-tb-24-ii\/#primaryimage\"},\"thumbnailUrl\":\"https:\/\/pressinspection.com\/wp-content\/uploads\/2026\/05\/20230721_090744.jpg\",\"datePublished\":\"2026-05-02T21:47:14+00:00\",\"dateModified\":\"2026-05-05T02:31:07+00:00\",\"description\":\"A B2B professional tool for print shops and service specialists to find and organise services in one secure system.\",\"breadcrumb\":{\"@id\":\"https:\/\/pressinspection.com\/product\/table-bundler-busch-tb-24-ii\/#breadcrumb\"},\"inLanguage\":\"pl-PL\",\"potentialAction\":[{\"@type\":\"ReadAction\",\"target\":[\"https:\/\/pressinspection.com\/product\/table-bundler-busch-tb-24-ii\/\"]}]},{\"@type\":\"ImageObject\",\"inLanguage\":\"pl-PL\",\"@id\":\"https:\/\/pressinspection.com\/product\/table-bundler-busch-tb-24-ii\/#primaryimage\",\"url\":\"https:\/\/pressinspection.com\/wp-content\/uploads\/2026\/05\/20230721_090744.jpg\",\"contentUrl\":\"https:\/\/pressinspection.com\/wp-content\/uploads\/2026\/05\/20230721_090744.jpg\",\"width\":1152,\"height\":560},{\"@type\":\"BreadcrumbList\",\"@id\":\"https:\/\/pressinspection.com\/product\/table-bundler-busch-tb-24-ii\/#breadcrumb\",\"itemListElement\":[{\"@type\":\"ListItem\",\"position\":1,\"name\":\"Home\",\"item\":\"https:\/\/pressinspection.com\/pl\/\"},{\"@type\":\"ListItem\",\"position\":2,\"name\":\"Marketplace\",\"item\":\"https:\/\/pressinspection.com\/pl\/shop\/\"},{\"@type\":\"ListItem\",\"position\":3,\"name\":\"Table bundler Busch TB 24-II\"}]},{\"@type\":\"WebSite\",\"@id\":\"https:\/\/pressinspection.com\/#website\",\"url\":\"https:\/\/pressinspection.com\/\",\"name\":\"PressInspection.com\",\"description\":\"A Global Sales Tool for Printing Professionals\",\"publisher\":{\"@id\":\"https:\/\/pressinspection.com\/#organization\"},\"alternateName\":\"Global Tool for Managing Services for Print Shops\",\"potentialAction\":[{\"@type\":\"SearchAction\",\"target\":{\"@type\":\"EntryPoint\",\"urlTemplate\":\"https:\/\/pressinspection.com\/?s={search_term_string}\"},\"query-input\":{\"@type\":\"PropertyValueSpecification\",\"valueRequired\":true,\"valueName\":\"search_term_string\"}}],\"inLanguage\":\"pl-PL\"},{\"@type\":\"Organization\",\"@id\":\"https:\/\/pressinspection.com\/#organization\",\"name\":\"PressInspection\u2122\",\"alternateName\":\"PressInspection.com\",\"url\":\"https:\/\/pressinspection.com\/\",\"logo\":{\"@type\":\"ImageObject\",\"inLanguage\":\"pl-PL\",\"@id\":\"https:\/\/pressinspection.com\/#\/schema\/logo\/image\/\",\"url\":\"https:\/\/pressinspection.com\/wp-content\/uploads\/2025\/12\/pressinspectionlogo-square.jpg\",\"contentUrl\":\"https:\/\/pressinspection.com\/wp-content\/uploads\/2025\/12\/pressinspectionlogo-square.jpg\",\"width\":1200,\"height\":1200,\"caption\":\"PressInspection\u2122\"},\"image\":{\"@id\":\"https:\/\/pressinspection.com\/#\/schema\/logo\/image\/\"},\"sameAs\":[\"https:\/\/www.facebook.com\/pressinspectioncom\/\",\"https:\/\/www.linkedin.com\/company\/pressinspection-com\"],\"description\":\"Kartonika Sp. z o.o.\",\"legalName\":\"Kartonika Sp. z o.o.\",\"foundingDate\":\"2015-12-03\",\"vatID\":\"PL7010516252\",\"numberOfEmployees\":{\"@type\":\"QuantitativeValue\",\"minValue\":\"1\",\"maxValue\":\"10\"},\"publishingPrinciples\":\"https:\/\/pressinspection.com\/refund-policy\/\",\"ownershipFundingInfo\":\"https:\/\/pressinspection.com\/refund-policy\/\"}]}<\/script>\n<meta property=\"product:price:currency\" content=\"USD\" \/>\n<meta property=\"og:availability\" content=\"instock\" \/>\n<meta property=\"product:availability\" content=\"instock\" \/>\n<meta property=\"product:retailer_item_id\" content=\"P3D-88698\" \/>\n<meta property=\"product:condition\" content=\"new\" \/>\n<!-- \/ Yoast SEO Premium plugin. -->","yoast_head_json":{"title":"Pressinspection.com | Table bundler Busch TB 24-II","description":"A B2B professional tool for print shops and service specialists to find and organise services in one secure system.","robots":{"index":"index","follow":"follow","max-snippet":"max-snippet:-1","max-image-preview":"max-image-preview:large","max-video-preview":"max-video-preview:-1"},"canonical":"https:\/\/pressinspection.com\/product\/table-bundler-busch-tb-24-ii\/","og_locale":"pl_PL","og_type":"article","og_title":"Pressinspection.com | Table bundler Busch TB 24-II","og_description":"A B2B professional tool for print shops and service specialists to find and organise services in one secure system.","og_url":"https:\/\/pressinspection.com\/product\/table-bundler-busch-tb-24-ii\/","og_site_name":"PressInspection\u2122","article_publisher":"https:\/\/www.facebook.com\/pressinspectioncom\/","article_modified_time":"2026-05-05T02:31:07+00:00","og_image":[{"width":1152,"height":560,"url":"https:\/\/pressinspection.com\/wp-content\/uploads\/2026\/05\/20230721_090744.jpg","type":"image\/jpeg"}],"twitter_card":"summary_large_image","twitter_misc":{"Cena":"","Dost\u0119pno\u015b\u0107":"Dost\u0119pny"},"schema":{"@context":"https:\/\/schema.org","@graph":[{"@type":"WebPage","@id":"https:\/\/pressinspection.com\/product\/table-bundler-busch-tb-24-ii\/","url":"https:\/\/pressinspection.com\/product\/table-bundler-busch-tb-24-ii\/","name":"Pressinspection.com | Table bundler Busch TB 24-II","isPartOf":{"@id":"https:\/\/pressinspection.com\/#website"},"primaryImageOfPage":{"@id":"https:\/\/pressinspection.com\/product\/table-bundler-busch-tb-24-ii\/#primaryimage"},"image":{"@id":"https:\/\/pressinspection.com\/product\/table-bundler-busch-tb-24-ii\/#primaryimage"},"thumbnailUrl":"https:\/\/pressinspection.com\/wp-content\/uploads\/2026\/05\/20230721_090744.jpg","datePublished":"2026-05-02T21:47:14+00:00","dateModified":"2026-05-05T02:31:07+00:00","description":"A B2B professional tool for print shops and service specialists to find and organise services in one secure system.","breadcrumb":{"@id":"https:\/\/pressinspection.com\/product\/table-bundler-busch-tb-24-ii\/#breadcrumb"},"inLanguage":"pl-PL","potentialAction":[{"@type":"ReadAction","target":["https:\/\/pressinspection.com\/product\/table-bundler-busch-tb-24-ii\/"]}]},{"@type":"ImageObject","inLanguage":"pl-PL","@id":"https:\/\/pressinspection.com\/product\/table-bundler-busch-tb-24-ii\/#primaryimage","url":"https:\/\/pressinspection.com\/wp-content\/uploads\/2026\/05\/20230721_090744.jpg","contentUrl":"https:\/\/pressinspection.com\/wp-content\/uploads\/2026\/05\/20230721_090744.jpg","width":1152,"height":560},{"@type":"BreadcrumbList","@id":"https:\/\/pressinspection.com\/product\/table-bundler-busch-tb-24-ii\/#breadcrumb","itemListElement":[{"@type":"ListItem","position":1,"name":"Home","item":"https:\/\/pressinspection.com\/pl\/"},{"@type":"ListItem","position":2,"name":"Marketplace","item":"https:\/\/pressinspection.com\/pl\/shop\/"},{"@type":"ListItem","position":3,"name":"Table bundler Busch TB 24-II"}]},{"@type":"WebSite","@id":"https:\/\/pressinspection.com\/#website","url":"https:\/\/pressinspection.com\/","name":"PressInspection.com","description":"A Global Sales Tool for Printing Professionals","publisher":{"@id":"https:\/\/pressinspection.com\/#organization"},"alternateName":"Global Tool for Managing Services for Print Shops","potentialAction":[{"@type":"SearchAction","target":{"@type":"EntryPoint","urlTemplate":"https:\/\/pressinspection.com\/?s={search_term_string}"},"query-input":{"@type":"PropertyValueSpecification","valueRequired":true,"valueName":"search_term_string"}}],"inLanguage":"pl-PL"},{"@type":"Organization","@id":"https:\/\/pressinspection.com\/#organization","name":"PressInspection\u2122","alternateName":"PressInspection.com","url":"https:\/\/pressinspection.com\/","logo":{"@type":"ImageObject","inLanguage":"pl-PL","@id":"https:\/\/pressinspection.com\/#\/schema\/logo\/image\/","url":"https:\/\/pressinspection.com\/wp-content\/uploads\/2025\/12\/pressinspectionlogo-square.jpg","contentUrl":"https:\/\/pressinspection.com\/wp-content\/uploads\/2025\/12\/pressinspectionlogo-square.jpg","width":1200,"height":1200,"caption":"PressInspection\u2122"},"image":{"@id":"https:\/\/pressinspection.com\/#\/schema\/logo\/image\/"},"sameAs":["https:\/\/www.facebook.com\/pressinspectioncom\/","https:\/\/www.linkedin.com\/company\/pressinspection-com"],"description":"Kartonika Sp. z o.o.","legalName":"Kartonika Sp. z o.o.","foundingDate":"2015-12-03","vatID":"PL7010516252","numberOfEmployees":{"@type":"QuantitativeValue","minValue":"1","maxValue":"10"},"publishingPrinciples":"https:\/\/pressinspection.com\/refund-policy\/","ownershipFundingInfo":"https:\/\/pressinspection.com\/refund-policy\/"}]},"product_price_currency":"USD","og_availability":"instock","product_availability":"instock","product_retailer_item_id":"P3D-88698","product_condition":"new"},"_links":{"self":[{"href":"https:\/\/pressinspection.com\/pl\/wp-json\/wp\/v2\/product\/45172","targetHints":{"allow":["GET"]}}],"collection":[{"href":"https:\/\/pressinspection.com\/pl\/wp-json\/wp\/v2\/product"}],"about":[{"href":"https:\/\/pressinspection.com\/pl\/wp-json\/wp\/v2\/types\/product"}],"replies":[{"embeddable":true,"href":"https:\/\/pressinspection.com\/pl\/wp-json\/wp\/v2\/comments?post=45172"}],"wp:featuredmedia":[{"embeddable":true,"href":"https:\/\/pressinspection.com\/pl\/wp-json\/wp\/v2\/media\/44619"}],"wp:attachment":[{"href":"https:\/\/pressinspection.com\/pl\/wp-json\/wp\/v2\/media?parent=45172"}],"wp:term":[{"taxonomy":"product_brand","embeddable":true,"href":"https:\/\/pressinspection.com\/pl\/wp-json\/wp\/v2\/product_brand?post=45172"},{"taxonomy":"product_cat","embeddable":true,"href":"https:\/\/pressinspection.com\/pl\/wp-json\/wp\/v2\/product_cat?post=45172"},{"taxonomy":"product_tag","embeddable":true,"href":"https:\/\/pressinspection.com\/pl\/wp-json\/wp\/v2\/product_tag?post=45172"}],"curies":[{"name":"wp","href":"https:\/\/api.w.org\/{rel}","templated":true}]}}