{"id":41538,"date":"2026-05-02T22:11:17","date_gmt":"2026-05-02T20:11:17","guid":{"rendered":"https:\/\/pressinspection.com\/?post_type=product&#038;p=41538"},"modified":"2026-05-04T09:30:00","modified_gmt":"2026-05-04T07:30:00","slug":"slope-pneumatic-double-soldering-machine","status":"publish","type":"product","link":"https:\/\/pressinspection.com\/pl\/product\/slope-pneumatic-double-soldering-machine\/","title":{"rendered":"Slope pneumatic double soldering machine"},"content":{"rendered":"<p><strong>pneumatic double soldering machine slope<\/strong><br \/>\nPunches the hole and the eyelet in one operation (the eyelet punches the hole) Material support with infinitely adjustable back and side stops guarantee exact application<br \/>\ncurrently equipped with self-punching eyelets up to 20 sheets at 80 g\/m2 paper or material thickness up to 3 mm<\/p>\n<ul>\n<li>Foot operation with automatic eyelet feeder<\/li>\n<li>Applicable for paper, cardboard, plastics, etc.<\/li>\n<li>Ideal for contracts, certificates and labels<\/li>\n<li>2 heads with 280mm fixed distance for filing holes 5,5mm inner diameter<\/li>\n<li>Compressed air to be provided by the customer<\/li>\n<\/ul>\n<p>Demo video at <a href=\"https:\/\/youtu.be\/XWkClxxjkyo\" target=\"_blank\" rel=\"noopener noreferrer\">https:\/\/youtu.be\/XWkClxxjkyo<\/a><\/p>\n","protected":false},"excerpt":{"rendered":"<table class=\"pi-import-specs woocommerce-product-attributes shop_attributes\">\n<tbody>\n<tr>\n<th>Manufacturer<\/th>\n<td>Constantin Hang<\/td>\n<\/tr>\n<\/tbody>\n<\/table>\n","protected":false},"featured_media":41537,"comment_status":"open","ping_status":"closed","template":"","meta":[],"product_brand":[],"product_cat":[593,312,2087],"product_tag":[],"class_list":{"0":"post-41538","1":"product","2":"type-product","3":"status-publish","4":"has-post-thumbnail","6":"product_cat-equipment","7":"product_cat-postpress","8":"product_cat-varnishing","10":"first","11":"instock","12":"sold-individually","13":"taxable","14":"shipping-taxable","15":"product-type-simple"},"booking_location":null,"booking_location_type":null,"booking_duration":null,"booking_duration_unit":null,"booking_buffer":null,"booking_cost":null,"booking_resources":null,"yoast_head":"<!-- This site is optimized with the Yoast SEO Premium plugin v26.9 (Yoast SEO v26.9) - https:\/\/yoast.com\/product\/yoast-seo-premium-wordpress\/ -->\n<title>Pressinspection.com | Slope pneumatic double soldering machine<\/title>\n<meta name=\"description\" content=\"A B2B professional tool for print shops and service specialists to find and organise services in one secure system.\" \/>\n<meta name=\"robots\" content=\"index, follow, max-snippet:-1, max-image-preview:large, max-video-preview:-1\" \/>\n<link rel=\"canonical\" href=\"https:\/\/pressinspection.com\/product\/slope-pneumatic-double-soldering-machine\/\" \/>\n<meta property=\"og:locale\" content=\"pl_PL\" \/>\n<meta property=\"og:type\" content=\"article\" \/>\n<meta property=\"og:title\" content=\"Pressinspection.com | Slope pneumatic double soldering machine\" \/>\n<meta property=\"og:description\" content=\"A B2B professional tool for print shops and service specialists to find and organise services in one secure system.\" \/>\n<meta property=\"og:url\" content=\"https:\/\/pressinspection.com\/product\/slope-pneumatic-double-soldering-machine\/\" \/>\n<meta property=\"og:site_name\" content=\"PressInspection\u2122\" \/>\n<meta property=\"article:publisher\" content=\"https:\/\/www.facebook.com\/pressinspectioncom\/\" \/>\n<meta property=\"article:modified_time\" content=\"2026-05-04T07:30:00+00:00\" \/>\n<meta property=\"og:image\" content=\"https:\/\/pressinspection.com\/wp-content\/uploads\/2026\/05\/pneumatische-Doppeloesmaschine-Hang-4.jpg\" \/>\n\t<meta property=\"og:image:width\" content=\"576\" \/>\n\t<meta property=\"og:image:height\" content=\"768\" \/>\n\t<meta property=\"og:image:type\" content=\"image\/jpeg\" \/>\n<meta name=\"twitter:card\" content=\"summary_large_image\" \/>\n<meta name=\"twitter:label1\" content=\"Cena\" \/>\n\t<meta name=\"twitter:data1\" content=\"\" \/>\n\t<meta name=\"twitter:label2\" content=\"Dost\u0119pno\u015b\u0107\" \/>\n\t<meta name=\"twitter:data2\" content=\"Dost\u0119pny\" \/>\n<script type=\"application\/ld+json\" class=\"yoast-schema-graph\">{\"@context\":\"https:\/\/schema.org\",\"@graph\":[{\"@type\":\"WebPage\",\"@id\":\"https:\/\/pressinspection.com\/product\/slope-pneumatic-double-soldering-machine\/\",\"url\":\"https:\/\/pressinspection.com\/product\/slope-pneumatic-double-soldering-machine\/\",\"name\":\"Pressinspection.com | Slope pneumatic double soldering machine\",\"isPartOf\":{\"@id\":\"https:\/\/pressinspection.com\/#website\"},\"primaryImageOfPage\":{\"@id\":\"https:\/\/pressinspection.com\/product\/slope-pneumatic-double-soldering-machine\/#primaryimage\"},\"image\":{\"@id\":\"https:\/\/pressinspection.com\/product\/slope-pneumatic-double-soldering-machine\/#primaryimage\"},\"thumbnailUrl\":\"https:\/\/pressinspection.com\/wp-content\/uploads\/2026\/05\/pneumatische-Doppeloesmaschine-Hang-4.jpg\",\"datePublished\":\"2026-05-02T20:11:17+00:00\",\"dateModified\":\"2026-05-04T07:30:00+00:00\",\"description\":\"A B2B professional tool for print shops and service specialists to find and organise services in one secure system.\",\"breadcrumb\":{\"@id\":\"https:\/\/pressinspection.com\/product\/slope-pneumatic-double-soldering-machine\/#breadcrumb\"},\"inLanguage\":\"pl-PL\",\"potentialAction\":[{\"@type\":\"ReadAction\",\"target\":[\"https:\/\/pressinspection.com\/product\/slope-pneumatic-double-soldering-machine\/\"]}]},{\"@type\":\"ImageObject\",\"inLanguage\":\"pl-PL\",\"@id\":\"https:\/\/pressinspection.com\/product\/slope-pneumatic-double-soldering-machine\/#primaryimage\",\"url\":\"https:\/\/pressinspection.com\/wp-content\/uploads\/2026\/05\/pneumatische-Doppeloesmaschine-Hang-4.jpg\",\"contentUrl\":\"https:\/\/pressinspection.com\/wp-content\/uploads\/2026\/05\/pneumatische-Doppeloesmaschine-Hang-4.jpg\",\"width\":576,\"height\":768},{\"@type\":\"BreadcrumbList\",\"@id\":\"https:\/\/pressinspection.com\/product\/slope-pneumatic-double-soldering-machine\/#breadcrumb\",\"itemListElement\":[{\"@type\":\"ListItem\",\"position\":1,\"name\":\"Home\",\"item\":\"https:\/\/pressinspection.com\/pl\/\"},{\"@type\":\"ListItem\",\"position\":2,\"name\":\"Marketplace\",\"item\":\"https:\/\/pressinspection.com\/pl\/shop\/\"},{\"@type\":\"ListItem\",\"position\":3,\"name\":\"Slope pneumatic double soldering machine\"}]},{\"@type\":\"WebSite\",\"@id\":\"https:\/\/pressinspection.com\/#website\",\"url\":\"https:\/\/pressinspection.com\/\",\"name\":\"PressInspection.com\",\"description\":\"A Global Sales Tool for Printing Professionals\",\"publisher\":{\"@id\":\"https:\/\/pressinspection.com\/#organization\"},\"alternateName\":\"Global Tool for Managing Services for Print Shops\",\"potentialAction\":[{\"@type\":\"SearchAction\",\"target\":{\"@type\":\"EntryPoint\",\"urlTemplate\":\"https:\/\/pressinspection.com\/?s={search_term_string}\"},\"query-input\":{\"@type\":\"PropertyValueSpecification\",\"valueRequired\":true,\"valueName\":\"search_term_string\"}}],\"inLanguage\":\"pl-PL\"},{\"@type\":\"Organization\",\"@id\":\"https:\/\/pressinspection.com\/#organization\",\"name\":\"PressInspection\u2122\",\"alternateName\":\"PressInspection.com\",\"url\":\"https:\/\/pressinspection.com\/\",\"logo\":{\"@type\":\"ImageObject\",\"inLanguage\":\"pl-PL\",\"@id\":\"https:\/\/pressinspection.com\/#\/schema\/logo\/image\/\",\"url\":\"https:\/\/pressinspection.com\/wp-content\/uploads\/2025\/12\/pressinspectionlogo-square.jpg\",\"contentUrl\":\"https:\/\/pressinspection.com\/wp-content\/uploads\/2025\/12\/pressinspectionlogo-square.jpg\",\"width\":1200,\"height\":1200,\"caption\":\"PressInspection\u2122\"},\"image\":{\"@id\":\"https:\/\/pressinspection.com\/#\/schema\/logo\/image\/\"},\"sameAs\":[\"https:\/\/www.facebook.com\/pressinspectioncom\/\",\"https:\/\/www.linkedin.com\/company\/pressinspection-com\"],\"description\":\"Kartonika Sp. z o.o.\",\"legalName\":\"Kartonika Sp. z o.o.\",\"foundingDate\":\"2015-12-03\",\"vatID\":\"PL7010516252\",\"numberOfEmployees\":{\"@type\":\"QuantitativeValue\",\"minValue\":\"1\",\"maxValue\":\"10\"},\"publishingPrinciples\":\"https:\/\/pressinspection.com\/refund-policy\/\",\"ownershipFundingInfo\":\"https:\/\/pressinspection.com\/refund-policy\/\"}]}<\/script>\n<meta property=\"product:price:currency\" content=\"USD\" \/>\n<meta property=\"og:availability\" content=\"instock\" \/>\n<meta property=\"product:availability\" content=\"instock\" \/>\n<meta property=\"product:retailer_item_id\" content=\"P3D-50191\" \/>\n<meta property=\"product:condition\" content=\"new\" \/>\n<!-- \/ Yoast SEO Premium plugin. -->","yoast_head_json":{"title":"Pressinspection.com | Slope pneumatic double soldering machine","description":"A B2B professional tool for print shops and service specialists to find and organise services in one secure system.","robots":{"index":"index","follow":"follow","max-snippet":"max-snippet:-1","max-image-preview":"max-image-preview:large","max-video-preview":"max-video-preview:-1"},"canonical":"https:\/\/pressinspection.com\/product\/slope-pneumatic-double-soldering-machine\/","og_locale":"pl_PL","og_type":"article","og_title":"Pressinspection.com | Slope pneumatic double soldering machine","og_description":"A B2B professional tool for print shops and service specialists to find and organise services in one secure system.","og_url":"https:\/\/pressinspection.com\/product\/slope-pneumatic-double-soldering-machine\/","og_site_name":"PressInspection\u2122","article_publisher":"https:\/\/www.facebook.com\/pressinspectioncom\/","article_modified_time":"2026-05-04T07:30:00+00:00","og_image":[{"width":576,"height":768,"url":"https:\/\/pressinspection.com\/wp-content\/uploads\/2026\/05\/pneumatische-Doppeloesmaschine-Hang-4.jpg","type":"image\/jpeg"}],"twitter_card":"summary_large_image","twitter_misc":{"Cena":"","Dost\u0119pno\u015b\u0107":"Dost\u0119pny"},"schema":{"@context":"https:\/\/schema.org","@graph":[{"@type":"WebPage","@id":"https:\/\/pressinspection.com\/product\/slope-pneumatic-double-soldering-machine\/","url":"https:\/\/pressinspection.com\/product\/slope-pneumatic-double-soldering-machine\/","name":"Pressinspection.com | Slope pneumatic double soldering machine","isPartOf":{"@id":"https:\/\/pressinspection.com\/#website"},"primaryImageOfPage":{"@id":"https:\/\/pressinspection.com\/product\/slope-pneumatic-double-soldering-machine\/#primaryimage"},"image":{"@id":"https:\/\/pressinspection.com\/product\/slope-pneumatic-double-soldering-machine\/#primaryimage"},"thumbnailUrl":"https:\/\/pressinspection.com\/wp-content\/uploads\/2026\/05\/pneumatische-Doppeloesmaschine-Hang-4.jpg","datePublished":"2026-05-02T20:11:17+00:00","dateModified":"2026-05-04T07:30:00+00:00","description":"A B2B professional tool for print shops and service specialists to find and organise services in one secure system.","breadcrumb":{"@id":"https:\/\/pressinspection.com\/product\/slope-pneumatic-double-soldering-machine\/#breadcrumb"},"inLanguage":"pl-PL","potentialAction":[{"@type":"ReadAction","target":["https:\/\/pressinspection.com\/product\/slope-pneumatic-double-soldering-machine\/"]}]},{"@type":"ImageObject","inLanguage":"pl-PL","@id":"https:\/\/pressinspection.com\/product\/slope-pneumatic-double-soldering-machine\/#primaryimage","url":"https:\/\/pressinspection.com\/wp-content\/uploads\/2026\/05\/pneumatische-Doppeloesmaschine-Hang-4.jpg","contentUrl":"https:\/\/pressinspection.com\/wp-content\/uploads\/2026\/05\/pneumatische-Doppeloesmaschine-Hang-4.jpg","width":576,"height":768},{"@type":"BreadcrumbList","@id":"https:\/\/pressinspection.com\/product\/slope-pneumatic-double-soldering-machine\/#breadcrumb","itemListElement":[{"@type":"ListItem","position":1,"name":"Home","item":"https:\/\/pressinspection.com\/pl\/"},{"@type":"ListItem","position":2,"name":"Marketplace","item":"https:\/\/pressinspection.com\/pl\/shop\/"},{"@type":"ListItem","position":3,"name":"Slope pneumatic double soldering machine"}]},{"@type":"WebSite","@id":"https:\/\/pressinspection.com\/#website","url":"https:\/\/pressinspection.com\/","name":"PressInspection.com","description":"A Global Sales Tool for Printing Professionals","publisher":{"@id":"https:\/\/pressinspection.com\/#organization"},"alternateName":"Global Tool for Managing Services for Print Shops","potentialAction":[{"@type":"SearchAction","target":{"@type":"EntryPoint","urlTemplate":"https:\/\/pressinspection.com\/?s={search_term_string}"},"query-input":{"@type":"PropertyValueSpecification","valueRequired":true,"valueName":"search_term_string"}}],"inLanguage":"pl-PL"},{"@type":"Organization","@id":"https:\/\/pressinspection.com\/#organization","name":"PressInspection\u2122","alternateName":"PressInspection.com","url":"https:\/\/pressinspection.com\/","logo":{"@type":"ImageObject","inLanguage":"pl-PL","@id":"https:\/\/pressinspection.com\/#\/schema\/logo\/image\/","url":"https:\/\/pressinspection.com\/wp-content\/uploads\/2025\/12\/pressinspectionlogo-square.jpg","contentUrl":"https:\/\/pressinspection.com\/wp-content\/uploads\/2025\/12\/pressinspectionlogo-square.jpg","width":1200,"height":1200,"caption":"PressInspection\u2122"},"image":{"@id":"https:\/\/pressinspection.com\/#\/schema\/logo\/image\/"},"sameAs":["https:\/\/www.facebook.com\/pressinspectioncom\/","https:\/\/www.linkedin.com\/company\/pressinspection-com"],"description":"Kartonika Sp. z o.o.","legalName":"Kartonika Sp. z o.o.","foundingDate":"2015-12-03","vatID":"PL7010516252","numberOfEmployees":{"@type":"QuantitativeValue","minValue":"1","maxValue":"10"},"publishingPrinciples":"https:\/\/pressinspection.com\/refund-policy\/","ownershipFundingInfo":"https:\/\/pressinspection.com\/refund-policy\/"}]},"product_price_currency":"USD","og_availability":"instock","product_availability":"instock","product_retailer_item_id":"P3D-50191","product_condition":"new"},"_links":{"self":[{"href":"https:\/\/pressinspection.com\/pl\/wp-json\/wp\/v2\/product\/41538","targetHints":{"allow":["GET"]}}],"collection":[{"href":"https:\/\/pressinspection.com\/pl\/wp-json\/wp\/v2\/product"}],"about":[{"href":"https:\/\/pressinspection.com\/pl\/wp-json\/wp\/v2\/types\/product"}],"replies":[{"embeddable":true,"href":"https:\/\/pressinspection.com\/pl\/wp-json\/wp\/v2\/comments?post=41538"}],"wp:featuredmedia":[{"embeddable":true,"href":"https:\/\/pressinspection.com\/pl\/wp-json\/wp\/v2\/media\/41537"}],"wp:attachment":[{"href":"https:\/\/pressinspection.com\/pl\/wp-json\/wp\/v2\/media?parent=41538"}],"wp:term":[{"taxonomy":"product_brand","embeddable":true,"href":"https:\/\/pressinspection.com\/pl\/wp-json\/wp\/v2\/product_brand?post=41538"},{"taxonomy":"product_cat","embeddable":true,"href":"https:\/\/pressinspection.com\/pl\/wp-json\/wp\/v2\/product_cat?post=41538"},{"taxonomy":"product_tag","embeddable":true,"href":"https:\/\/pressinspection.com\/pl\/wp-json\/wp\/v2\/product_tag?post=41538"}],"curies":[{"name":"wp","href":"https:\/\/api.w.org\/{rel}","templated":true}]}}