{"id":41027,"date":"2026-05-02T21:36:29","date_gmt":"2026-05-02T19:36:29","guid":{"rendered":"https:\/\/pressinspection.com\/?post_type=product&#038;p=41027"},"modified":"2026-05-04T09:26:15","modified_gmt":"2026-05-04T07:26:15","slug":"x-rite-i1-basic-pro-2-spectrophotometer","status":"publish","type":"product","link":"https:\/\/pressinspection.com\/pl\/product\/x-rite-i1-basic-pro-2-spectrophotometer\/","title":{"rendered":"X-Rite i1 Basic Pro 2 Spectrophotometer"},"content":{"rendered":"<p>X-Rite&#8217;s i1 Basic Pro 2 lets you quickly and easily create custom profiles for monitors and projectors, so you can always be sure that colors are displayed true to life. In addition, you can verify print quality and soft proofs with built-in quality assurance features, and capture and organize spot colors.<\/p>\n<p>X-Rite i1Basic Pro 2 combines top-of-the-line software and hardware to provide the ultimate color management package for professional imaging. The profiler is accurate and future-oriented. With improved accuracy, ease of use, reliability and many new professional features, it follows the latest developments in ISO standardization. The latest version of i1Profiler software offers you &#8222;Simple&#8221; and &#8222;Advanced&#8221; mode to professionally profile and calibrate monitor, projector and RGB\/CMYK+ printer. In addition, presets for video production and extensive functions for monitor and printer quality assurance are included.<br \/>\nWith the PANTONE\u00ae Color Manager program for creating color palettes and for digital color simulation (&#8222;bridging&#8221;), you can easily keep your PANTONE libraries up to date. In addition, you can manage your spot colors and add your own colors.<\/p>\n<p>Scope of delivery:<\/p>\n<ul>\n<li>Tripod plate<\/li>\n<li>Tripod mount<\/li>\n<li>Monitor mount<\/li>\n<li>Position orifice<\/li>\n<li>Calibration plate<\/li>\n<li>Measuring device<\/li>\n<li>Carrying case<\/li>\n<li>USB cable<\/li>\n<li>Measuring pad<\/li>\n<li>Ruler<\/li>\n<li>Software media<\/li>\n<li>Certificate<\/li>\n<li>User manual<\/li>\n<\/ul>\n","protected":false},"excerpt":{"rendered":"<table class=\"pi-import-specs woocommerce-product-attributes shop_attributes\">\n<tbody>\n<tr>\n<th>Manufacturer<\/th>\n<td>X-Rite<\/td>\n<\/tr>\n<tr>\n<th>Model<\/th>\n<td>X-Rite i1 Basic Pro 2<\/td>\n<\/tr>\n<\/tbody>\n<\/table>\n","protected":false},"featured_media":41026,"comment_status":"open","ping_status":"closed","template":"","meta":[],"product_brand":[],"product_cat":[593,180],"product_tag":[],"class_list":{"0":"post-41027","1":"product","2":"type-product","3":"status-publish","4":"has-post-thumbnail","6":"product_cat-equipment","7":"product_cat-measuring-devices","9":"first","10":"instock","11":"sold-individually","12":"taxable","13":"shipping-taxable","14":"product-type-simple"},"booking_location":null,"booking_location_type":null,"booking_duration":null,"booking_duration_unit":null,"booking_buffer":null,"booking_cost":null,"booking_resources":null,"yoast_head":"<!-- This site is optimized with the Yoast SEO Premium plugin v26.9 (Yoast SEO v26.9) - https:\/\/yoast.com\/product\/yoast-seo-premium-wordpress\/ -->\n<title>Pressinspection.com | X-Rite i1 Basic Pro 2 Spectrophotometer<\/title>\n<meta name=\"description\" content=\"A B2B professional tool for print shops and service specialists to find and organise services in one secure system.\" \/>\n<meta name=\"robots\" content=\"index, follow, max-snippet:-1, max-image-preview:large, max-video-preview:-1\" \/>\n<link rel=\"canonical\" href=\"https:\/\/pressinspection.com\/product\/x-rite-i1-basic-pro-2-spectrophotometer\/\" \/>\n<meta property=\"og:locale\" content=\"pl_PL\" \/>\n<meta property=\"og:type\" content=\"article\" \/>\n<meta property=\"og:title\" content=\"Pressinspection.com | X-Rite i1 Basic Pro 2 Spectrophotometer\" \/>\n<meta property=\"og:description\" content=\"A B2B professional tool for print shops and service specialists to find and organise services in one secure system.\" \/>\n<meta property=\"og:url\" content=\"https:\/\/pressinspection.com\/product\/x-rite-i1-basic-pro-2-spectrophotometer\/\" \/>\n<meta property=\"og:site_name\" content=\"PressInspection\u2122\" \/>\n<meta property=\"article:publisher\" content=\"https:\/\/www.facebook.com\/pressinspectioncom\/\" \/>\n<meta property=\"article:modified_time\" content=\"2026-05-04T07:26:15+00:00\" \/>\n<meta property=\"og:image\" content=\"https:\/\/pressinspection.com\/wp-content\/uploads\/2026\/05\/basic-pro-main.jpg\" \/>\n\t<meta property=\"og:image:width\" content=\"352\" \/>\n\t<meta property=\"og:image:height\" content=\"443\" \/>\n\t<meta property=\"og:image:type\" content=\"image\/jpeg\" \/>\n<meta name=\"twitter:card\" content=\"summary_large_image\" \/>\n<meta name=\"twitter:label1\" content=\"Cena\" \/>\n\t<meta name=\"twitter:data1\" content=\"\" \/>\n\t<meta name=\"twitter:label2\" content=\"Dost\u0119pno\u015b\u0107\" \/>\n\t<meta name=\"twitter:data2\" content=\"Dost\u0119pny\" \/>\n<script type=\"application\/ld+json\" class=\"yoast-schema-graph\">{\"@context\":\"https:\/\/schema.org\",\"@graph\":[{\"@type\":\"WebPage\",\"@id\":\"https:\/\/pressinspection.com\/product\/x-rite-i1-basic-pro-2-spectrophotometer\/\",\"url\":\"https:\/\/pressinspection.com\/product\/x-rite-i1-basic-pro-2-spectrophotometer\/\",\"name\":\"Pressinspection.com | X-Rite i1 Basic Pro 2 Spectrophotometer\",\"isPartOf\":{\"@id\":\"https:\/\/pressinspection.com\/#website\"},\"primaryImageOfPage\":{\"@id\":\"https:\/\/pressinspection.com\/product\/x-rite-i1-basic-pro-2-spectrophotometer\/#primaryimage\"},\"image\":{\"@id\":\"https:\/\/pressinspection.com\/product\/x-rite-i1-basic-pro-2-spectrophotometer\/#primaryimage\"},\"thumbnailUrl\":\"https:\/\/pressinspection.com\/wp-content\/uploads\/2026\/05\/basic-pro-main.jpg\",\"datePublished\":\"2026-05-02T19:36:29+00:00\",\"dateModified\":\"2026-05-04T07:26:15+00:00\",\"description\":\"A B2B professional tool for print shops and service specialists to find and organise services in one secure system.\",\"breadcrumb\":{\"@id\":\"https:\/\/pressinspection.com\/product\/x-rite-i1-basic-pro-2-spectrophotometer\/#breadcrumb\"},\"inLanguage\":\"pl-PL\",\"potentialAction\":[{\"@type\":\"ReadAction\",\"target\":[\"https:\/\/pressinspection.com\/product\/x-rite-i1-basic-pro-2-spectrophotometer\/\"]}]},{\"@type\":\"ImageObject\",\"inLanguage\":\"pl-PL\",\"@id\":\"https:\/\/pressinspection.com\/product\/x-rite-i1-basic-pro-2-spectrophotometer\/#primaryimage\",\"url\":\"https:\/\/pressinspection.com\/wp-content\/uploads\/2026\/05\/basic-pro-main.jpg\",\"contentUrl\":\"https:\/\/pressinspection.com\/wp-content\/uploads\/2026\/05\/basic-pro-main.jpg\",\"width\":352,\"height\":443},{\"@type\":\"BreadcrumbList\",\"@id\":\"https:\/\/pressinspection.com\/product\/x-rite-i1-basic-pro-2-spectrophotometer\/#breadcrumb\",\"itemListElement\":[{\"@type\":\"ListItem\",\"position\":1,\"name\":\"Home\",\"item\":\"https:\/\/pressinspection.com\/pl\/\"},{\"@type\":\"ListItem\",\"position\":2,\"name\":\"Marketplace\",\"item\":\"https:\/\/pressinspection.com\/pl\/shop\/\"},{\"@type\":\"ListItem\",\"position\":3,\"name\":\"X-Rite i1 Basic Pro 2 Spectrophotometer\"}]},{\"@type\":\"WebSite\",\"@id\":\"https:\/\/pressinspection.com\/#website\",\"url\":\"https:\/\/pressinspection.com\/\",\"name\":\"PressInspection.com\",\"description\":\"A Global Sales Tool for Printing Professionals\",\"publisher\":{\"@id\":\"https:\/\/pressinspection.com\/#organization\"},\"alternateName\":\"Global Tool for Managing Services for Print Shops\",\"potentialAction\":[{\"@type\":\"SearchAction\",\"target\":{\"@type\":\"EntryPoint\",\"urlTemplate\":\"https:\/\/pressinspection.com\/?s={search_term_string}\"},\"query-input\":{\"@type\":\"PropertyValueSpecification\",\"valueRequired\":true,\"valueName\":\"search_term_string\"}}],\"inLanguage\":\"pl-PL\"},{\"@type\":\"Organization\",\"@id\":\"https:\/\/pressinspection.com\/#organization\",\"name\":\"PressInspection\u2122\",\"alternateName\":\"PressInspection.com\",\"url\":\"https:\/\/pressinspection.com\/\",\"logo\":{\"@type\":\"ImageObject\",\"inLanguage\":\"pl-PL\",\"@id\":\"https:\/\/pressinspection.com\/#\/schema\/logo\/image\/\",\"url\":\"https:\/\/pressinspection.com\/wp-content\/uploads\/2025\/12\/pressinspectionlogo-square.jpg\",\"contentUrl\":\"https:\/\/pressinspection.com\/wp-content\/uploads\/2025\/12\/pressinspectionlogo-square.jpg\",\"width\":1200,\"height\":1200,\"caption\":\"PressInspection\u2122\"},\"image\":{\"@id\":\"https:\/\/pressinspection.com\/#\/schema\/logo\/image\/\"},\"sameAs\":[\"https:\/\/www.facebook.com\/pressinspectioncom\/\",\"https:\/\/www.linkedin.com\/company\/pressinspection-com\"],\"description\":\"Kartonika Sp. z o.o.\",\"legalName\":\"Kartonika Sp. z o.o.\",\"foundingDate\":\"2015-12-03\",\"vatID\":\"PL7010516252\",\"numberOfEmployees\":{\"@type\":\"QuantitativeValue\",\"minValue\":\"1\",\"maxValue\":\"10\"},\"publishingPrinciples\":\"https:\/\/pressinspection.com\/refund-policy\/\",\"ownershipFundingInfo\":\"https:\/\/pressinspection.com\/refund-policy\/\"}]}<\/script>\n<meta property=\"product:price:currency\" content=\"USD\" \/>\n<meta property=\"og:availability\" content=\"instock\" \/>\n<meta property=\"product:availability\" content=\"instock\" \/>\n<meta property=\"product:retailer_item_id\" content=\"P3D-49853\" \/>\n<meta property=\"product:condition\" content=\"new\" \/>\n<!-- \/ Yoast SEO Premium plugin. -->","yoast_head_json":{"title":"Pressinspection.com | X-Rite i1 Basic Pro 2 Spectrophotometer","description":"A B2B professional tool for print shops and service specialists to find and organise services in one secure system.","robots":{"index":"index","follow":"follow","max-snippet":"max-snippet:-1","max-image-preview":"max-image-preview:large","max-video-preview":"max-video-preview:-1"},"canonical":"https:\/\/pressinspection.com\/product\/x-rite-i1-basic-pro-2-spectrophotometer\/","og_locale":"pl_PL","og_type":"article","og_title":"Pressinspection.com | X-Rite i1 Basic Pro 2 Spectrophotometer","og_description":"A B2B professional tool for print shops and service specialists to find and organise services in one secure system.","og_url":"https:\/\/pressinspection.com\/product\/x-rite-i1-basic-pro-2-spectrophotometer\/","og_site_name":"PressInspection\u2122","article_publisher":"https:\/\/www.facebook.com\/pressinspectioncom\/","article_modified_time":"2026-05-04T07:26:15+00:00","og_image":[{"width":352,"height":443,"url":"https:\/\/pressinspection.com\/wp-content\/uploads\/2026\/05\/basic-pro-main.jpg","type":"image\/jpeg"}],"twitter_card":"summary_large_image","twitter_misc":{"Cena":"","Dost\u0119pno\u015b\u0107":"Dost\u0119pny"},"schema":{"@context":"https:\/\/schema.org","@graph":[{"@type":"WebPage","@id":"https:\/\/pressinspection.com\/product\/x-rite-i1-basic-pro-2-spectrophotometer\/","url":"https:\/\/pressinspection.com\/product\/x-rite-i1-basic-pro-2-spectrophotometer\/","name":"Pressinspection.com | X-Rite i1 Basic Pro 2 Spectrophotometer","isPartOf":{"@id":"https:\/\/pressinspection.com\/#website"},"primaryImageOfPage":{"@id":"https:\/\/pressinspection.com\/product\/x-rite-i1-basic-pro-2-spectrophotometer\/#primaryimage"},"image":{"@id":"https:\/\/pressinspection.com\/product\/x-rite-i1-basic-pro-2-spectrophotometer\/#primaryimage"},"thumbnailUrl":"https:\/\/pressinspection.com\/wp-content\/uploads\/2026\/05\/basic-pro-main.jpg","datePublished":"2026-05-02T19:36:29+00:00","dateModified":"2026-05-04T07:26:15+00:00","description":"A B2B professional tool for print shops and service specialists to find and organise services in one secure system.","breadcrumb":{"@id":"https:\/\/pressinspection.com\/product\/x-rite-i1-basic-pro-2-spectrophotometer\/#breadcrumb"},"inLanguage":"pl-PL","potentialAction":[{"@type":"ReadAction","target":["https:\/\/pressinspection.com\/product\/x-rite-i1-basic-pro-2-spectrophotometer\/"]}]},{"@type":"ImageObject","inLanguage":"pl-PL","@id":"https:\/\/pressinspection.com\/product\/x-rite-i1-basic-pro-2-spectrophotometer\/#primaryimage","url":"https:\/\/pressinspection.com\/wp-content\/uploads\/2026\/05\/basic-pro-main.jpg","contentUrl":"https:\/\/pressinspection.com\/wp-content\/uploads\/2026\/05\/basic-pro-main.jpg","width":352,"height":443},{"@type":"BreadcrumbList","@id":"https:\/\/pressinspection.com\/product\/x-rite-i1-basic-pro-2-spectrophotometer\/#breadcrumb","itemListElement":[{"@type":"ListItem","position":1,"name":"Home","item":"https:\/\/pressinspection.com\/pl\/"},{"@type":"ListItem","position":2,"name":"Marketplace","item":"https:\/\/pressinspection.com\/pl\/shop\/"},{"@type":"ListItem","position":3,"name":"X-Rite i1 Basic Pro 2 Spectrophotometer"}]},{"@type":"WebSite","@id":"https:\/\/pressinspection.com\/#website","url":"https:\/\/pressinspection.com\/","name":"PressInspection.com","description":"A Global Sales Tool for Printing Professionals","publisher":{"@id":"https:\/\/pressinspection.com\/#organization"},"alternateName":"Global Tool for Managing Services for Print Shops","potentialAction":[{"@type":"SearchAction","target":{"@type":"EntryPoint","urlTemplate":"https:\/\/pressinspection.com\/?s={search_term_string}"},"query-input":{"@type":"PropertyValueSpecification","valueRequired":true,"valueName":"search_term_string"}}],"inLanguage":"pl-PL"},{"@type":"Organization","@id":"https:\/\/pressinspection.com\/#organization","name":"PressInspection\u2122","alternateName":"PressInspection.com","url":"https:\/\/pressinspection.com\/","logo":{"@type":"ImageObject","inLanguage":"pl-PL","@id":"https:\/\/pressinspection.com\/#\/schema\/logo\/image\/","url":"https:\/\/pressinspection.com\/wp-content\/uploads\/2025\/12\/pressinspectionlogo-square.jpg","contentUrl":"https:\/\/pressinspection.com\/wp-content\/uploads\/2025\/12\/pressinspectionlogo-square.jpg","width":1200,"height":1200,"caption":"PressInspection\u2122"},"image":{"@id":"https:\/\/pressinspection.com\/#\/schema\/logo\/image\/"},"sameAs":["https:\/\/www.facebook.com\/pressinspectioncom\/","https:\/\/www.linkedin.com\/company\/pressinspection-com"],"description":"Kartonika Sp. z o.o.","legalName":"Kartonika Sp. z o.o.","foundingDate":"2015-12-03","vatID":"PL7010516252","numberOfEmployees":{"@type":"QuantitativeValue","minValue":"1","maxValue":"10"},"publishingPrinciples":"https:\/\/pressinspection.com\/refund-policy\/","ownershipFundingInfo":"https:\/\/pressinspection.com\/refund-policy\/"}]},"product_price_currency":"USD","og_availability":"instock","product_availability":"instock","product_retailer_item_id":"P3D-49853","product_condition":"new"},"_links":{"self":[{"href":"https:\/\/pressinspection.com\/pl\/wp-json\/wp\/v2\/product\/41027","targetHints":{"allow":["GET"]}}],"collection":[{"href":"https:\/\/pressinspection.com\/pl\/wp-json\/wp\/v2\/product"}],"about":[{"href":"https:\/\/pressinspection.com\/pl\/wp-json\/wp\/v2\/types\/product"}],"replies":[{"embeddable":true,"href":"https:\/\/pressinspection.com\/pl\/wp-json\/wp\/v2\/comments?post=41027"}],"wp:featuredmedia":[{"embeddable":true,"href":"https:\/\/pressinspection.com\/pl\/wp-json\/wp\/v2\/media\/41026"}],"wp:attachment":[{"href":"https:\/\/pressinspection.com\/pl\/wp-json\/wp\/v2\/media?parent=41027"}],"wp:term":[{"taxonomy":"product_brand","embeddable":true,"href":"https:\/\/pressinspection.com\/pl\/wp-json\/wp\/v2\/product_brand?post=41027"},{"taxonomy":"product_cat","embeddable":true,"href":"https:\/\/pressinspection.com\/pl\/wp-json\/wp\/v2\/product_cat?post=41027"},{"taxonomy":"product_tag","embeddable":true,"href":"https:\/\/pressinspection.com\/pl\/wp-json\/wp\/v2\/product_tag?post=41027"}],"curies":[{"name":"wp","href":"https:\/\/api.w.org\/{rel}","templated":true}]}}