{"id":38498,"date":"2026-05-02T10:59:07","date_gmt":"2026-05-02T08:59:07","guid":{"rendered":"https:\/\/pressinspection.com\/?post_type=product&#038;p=38498"},"modified":"2026-05-04T09:12:47","modified_gmt":"2026-05-04T07:12:47","slug":"full-automated-8up-thermal-ctp-system-agfa-avalon-n-8-22-s","status":"publish","type":"product","link":"https:\/\/pressinspection.com\/pl\/product\/full-automated-8up-thermal-ctp-system-agfa-avalon-n-8-22-s\/","title":{"rendered":"full automated 8up thermal CTP system Agfa Avalon N 8-22 S"},"content":{"rendered":"<p><strong>full automated 8up thermal CTP system Agfa Avalon N 8-22 S with Apogee Rip and Workflow<\/strong><br \/>\n<strong>age 9-2012 <\/strong><br \/>\n<strong>with full Agfa maintenance contract<\/strong><\/p>\n<p><em>includes<\/em><br \/>\n<strong>Agfa Avalon N 8-22 S<\/strong><br \/>\ninternal plate punch Autoplate 780mm for KBA Rapida 106<br \/>\n64 Diodes<br \/>\nspeed approx. 22 per hour @ 2400 dpi<br \/>\nresolution 2.400 dpi<br \/>\nmax. plate size 1.160 mm x 940 mm<br \/>\nmin. plate size  450 mm x 370 mm<br \/>\nplate thickness 0,15 &#8211; 0,30 mm<\/p>\n<p><strong>cooling system Temperature Control <\/strong><br \/>\nsingle cassette unit SAL (1 x 100 plates capacity) <em><strong>with one trolley<\/strong><\/em><br \/>\nconveyor  with 90\u00b0 degree corner deflection<\/p>\n<p><strong>plate processor Agfa Elantrix 95 SX <\/strong><\/p>\n<p><strong>plate stacker<\/strong><\/p>\n<p><a href=\"https:\/\/www.3p-gmbh.de\/wp-content\/uploads\/2021\/08\/AGFA-Avalon-N8-12-N8-22-1.pdf\">AGFA-Avalon-N8-12-N8-22-1<\/a><\/p>\n","protected":false},"excerpt":{"rendered":"<table class=\"pi-import-specs woocommerce-product-attributes shop_attributes\">\n<tbody>\n<tr>\n<th>Manufacturer<\/th>\n<td>Agfa<\/td>\n<\/tr>\n<tr>\n<th>Year<\/th>\n<td>2012<\/td>\n<\/tr>\n<tr>\n<th>Model<\/th>\n<td>Avalon N 8-22 S<\/td>\n<\/tr>\n<\/tbody>\n<\/table>\n","protected":false},"featured_media":38497,"comment_status":"open","ping_status":"closed","template":"","meta":[],"product_brand":[],"product_cat":[2150,593,313],"product_tag":[],"class_list":{"0":"post-38498","1":"product","2":"type-product","3":"status-publish","4":"has-post-thumbnail","6":"product_cat-ctp","7":"product_cat-equipment","8":"product_cat-prepress","10":"first","11":"instock","12":"sold-individually","13":"taxable","14":"shipping-taxable","15":"product-type-simple"},"booking_location":null,"booking_location_type":null,"booking_duration":null,"booking_duration_unit":null,"booking_buffer":null,"booking_cost":null,"booking_resources":null,"yoast_head":"<!-- This site is optimized with the Yoast SEO Premium plugin v26.9 (Yoast SEO v26.9) - https:\/\/yoast.com\/product\/yoast-seo-premium-wordpress\/ -->\n<title>Pressinspection.com | full automated 8up thermal CTP system Agfa Avalon N 8-22 S<\/title>\n<meta name=\"description\" content=\"A B2B professional tool for print shops and service specialists to find and organise services in one secure system.\" \/>\n<meta name=\"robots\" content=\"index, follow, max-snippet:-1, max-image-preview:large, max-video-preview:-1\" \/>\n<link rel=\"canonical\" href=\"https:\/\/pressinspection.com\/product\/full-automated-8up-thermal-ctp-system-agfa-avalon-n-8-22-s\/\" \/>\n<meta property=\"og:locale\" content=\"pl_PL\" \/>\n<meta property=\"og:type\" content=\"article\" \/>\n<meta property=\"og:title\" content=\"Pressinspection.com | full automated 8up thermal CTP system Agfa Avalon N 8-22 S\" \/>\n<meta property=\"og:description\" content=\"A B2B professional tool for print shops and service specialists to find and organise services in one secure system.\" \/>\n<meta property=\"og:url\" content=\"https:\/\/pressinspection.com\/product\/full-automated-8up-thermal-ctp-system-agfa-avalon-n-8-22-s\/\" \/>\n<meta property=\"og:site_name\" content=\"PressInspection\u2122\" \/>\n<meta property=\"article:publisher\" content=\"https:\/\/www.facebook.com\/pressinspectioncom\/\" \/>\n<meta property=\"article:modified_time\" content=\"2026-05-04T07:12:47+00:00\" \/>\n<meta property=\"og:image\" content=\"https:\/\/pressinspection.com\/wp-content\/uploads\/2026\/05\/Agfa-N8-22-1.jpg\" \/>\n\t<meta property=\"og:image:width\" content=\"398\" \/>\n\t<meta property=\"og:image:height\" content=\"266\" \/>\n\t<meta property=\"og:image:type\" content=\"image\/jpeg\" \/>\n<meta name=\"twitter:card\" content=\"summary_large_image\" \/>\n<meta name=\"twitter:label1\" content=\"Cena\" \/>\n\t<meta name=\"twitter:data1\" content=\"\" \/>\n\t<meta name=\"twitter:label2\" content=\"Dost\u0119pno\u015b\u0107\" \/>\n\t<meta name=\"twitter:data2\" content=\"Dost\u0119pny\" \/>\n<script type=\"application\/ld+json\" class=\"yoast-schema-graph\">{\"@context\":\"https:\/\/schema.org\",\"@graph\":[{\"@type\":\"WebPage\",\"@id\":\"https:\/\/pressinspection.com\/product\/full-automated-8up-thermal-ctp-system-agfa-avalon-n-8-22-s\/\",\"url\":\"https:\/\/pressinspection.com\/product\/full-automated-8up-thermal-ctp-system-agfa-avalon-n-8-22-s\/\",\"name\":\"Pressinspection.com | full automated 8up thermal CTP system Agfa Avalon N 8-22 S\",\"isPartOf\":{\"@id\":\"https:\/\/pressinspection.com\/#website\"},\"primaryImageOfPage\":{\"@id\":\"https:\/\/pressinspection.com\/product\/full-automated-8up-thermal-ctp-system-agfa-avalon-n-8-22-s\/#primaryimage\"},\"image\":{\"@id\":\"https:\/\/pressinspection.com\/product\/full-automated-8up-thermal-ctp-system-agfa-avalon-n-8-22-s\/#primaryimage\"},\"thumbnailUrl\":\"https:\/\/pressinspection.com\/wp-content\/uploads\/2026\/05\/Agfa-N8-22-1.jpg\",\"datePublished\":\"2026-05-02T08:59:07+00:00\",\"dateModified\":\"2026-05-04T07:12:47+00:00\",\"description\":\"A B2B professional tool for print shops and service specialists to find and organise services in one secure system.\",\"breadcrumb\":{\"@id\":\"https:\/\/pressinspection.com\/product\/full-automated-8up-thermal-ctp-system-agfa-avalon-n-8-22-s\/#breadcrumb\"},\"inLanguage\":\"pl-PL\",\"potentialAction\":[{\"@type\":\"ReadAction\",\"target\":[\"https:\/\/pressinspection.com\/product\/full-automated-8up-thermal-ctp-system-agfa-avalon-n-8-22-s\/\"]}]},{\"@type\":\"ImageObject\",\"inLanguage\":\"pl-PL\",\"@id\":\"https:\/\/pressinspection.com\/product\/full-automated-8up-thermal-ctp-system-agfa-avalon-n-8-22-s\/#primaryimage\",\"url\":\"https:\/\/pressinspection.com\/wp-content\/uploads\/2026\/05\/Agfa-N8-22-1.jpg\",\"contentUrl\":\"https:\/\/pressinspection.com\/wp-content\/uploads\/2026\/05\/Agfa-N8-22-1.jpg\",\"width\":398,\"height\":266},{\"@type\":\"BreadcrumbList\",\"@id\":\"https:\/\/pressinspection.com\/product\/full-automated-8up-thermal-ctp-system-agfa-avalon-n-8-22-s\/#breadcrumb\",\"itemListElement\":[{\"@type\":\"ListItem\",\"position\":1,\"name\":\"Home\",\"item\":\"https:\/\/pressinspection.com\/pl\/\"},{\"@type\":\"ListItem\",\"position\":2,\"name\":\"Marketplace\",\"item\":\"https:\/\/pressinspection.com\/pl\/shop\/\"},{\"@type\":\"ListItem\",\"position\":3,\"name\":\"full automated 8up thermal CTP system Agfa Avalon N 8-22 S\"}]},{\"@type\":\"WebSite\",\"@id\":\"https:\/\/pressinspection.com\/#website\",\"url\":\"https:\/\/pressinspection.com\/\",\"name\":\"PressInspection.com\",\"description\":\"A Global Sales Tool for Printing Professionals\",\"publisher\":{\"@id\":\"https:\/\/pressinspection.com\/#organization\"},\"alternateName\":\"Global Tool for Managing Services for Print Shops\",\"potentialAction\":[{\"@type\":\"SearchAction\",\"target\":{\"@type\":\"EntryPoint\",\"urlTemplate\":\"https:\/\/pressinspection.com\/?s={search_term_string}\"},\"query-input\":{\"@type\":\"PropertyValueSpecification\",\"valueRequired\":true,\"valueName\":\"search_term_string\"}}],\"inLanguage\":\"pl-PL\"},{\"@type\":\"Organization\",\"@id\":\"https:\/\/pressinspection.com\/#organization\",\"name\":\"PressInspection\u2122\",\"alternateName\":\"PressInspection.com\",\"url\":\"https:\/\/pressinspection.com\/\",\"logo\":{\"@type\":\"ImageObject\",\"inLanguage\":\"pl-PL\",\"@id\":\"https:\/\/pressinspection.com\/#\/schema\/logo\/image\/\",\"url\":\"https:\/\/pressinspection.com\/wp-content\/uploads\/2025\/12\/pressinspectionlogo-square.jpg\",\"contentUrl\":\"https:\/\/pressinspection.com\/wp-content\/uploads\/2025\/12\/pressinspectionlogo-square.jpg\",\"width\":1200,\"height\":1200,\"caption\":\"PressInspection\u2122\"},\"image\":{\"@id\":\"https:\/\/pressinspection.com\/#\/schema\/logo\/image\/\"},\"sameAs\":[\"https:\/\/www.facebook.com\/pressinspectioncom\/\",\"https:\/\/www.linkedin.com\/company\/pressinspection-com\"],\"description\":\"Kartonika Sp. z o.o.\",\"legalName\":\"Kartonika Sp. z o.o.\",\"foundingDate\":\"2015-12-03\",\"vatID\":\"PL7010516252\",\"numberOfEmployees\":{\"@type\":\"QuantitativeValue\",\"minValue\":\"1\",\"maxValue\":\"10\"},\"publishingPrinciples\":\"https:\/\/pressinspection.com\/refund-policy\/\",\"ownershipFundingInfo\":\"https:\/\/pressinspection.com\/refund-policy\/\"}]}<\/script>\n<meta property=\"product:price:currency\" content=\"USD\" \/>\n<meta property=\"og:availability\" content=\"instock\" \/>\n<meta property=\"product:availability\" content=\"instock\" \/>\n<meta property=\"product:retailer_item_id\" content=\"P3D-40009\" \/>\n<meta property=\"product:condition\" content=\"new\" \/>\n<!-- \/ Yoast SEO Premium plugin. -->","yoast_head_json":{"title":"Pressinspection.com | full automated 8up thermal CTP system Agfa Avalon N 8-22 S","description":"A B2B professional tool for print shops and service specialists to find and organise services in one secure system.","robots":{"index":"index","follow":"follow","max-snippet":"max-snippet:-1","max-image-preview":"max-image-preview:large","max-video-preview":"max-video-preview:-1"},"canonical":"https:\/\/pressinspection.com\/product\/full-automated-8up-thermal-ctp-system-agfa-avalon-n-8-22-s\/","og_locale":"pl_PL","og_type":"article","og_title":"Pressinspection.com | full automated 8up thermal CTP system Agfa Avalon N 8-22 S","og_description":"A B2B professional tool for print shops and service specialists to find and organise services in one secure system.","og_url":"https:\/\/pressinspection.com\/product\/full-automated-8up-thermal-ctp-system-agfa-avalon-n-8-22-s\/","og_site_name":"PressInspection\u2122","article_publisher":"https:\/\/www.facebook.com\/pressinspectioncom\/","article_modified_time":"2026-05-04T07:12:47+00:00","og_image":[{"width":398,"height":266,"url":"https:\/\/pressinspection.com\/wp-content\/uploads\/2026\/05\/Agfa-N8-22-1.jpg","type":"image\/jpeg"}],"twitter_card":"summary_large_image","twitter_misc":{"Cena":"","Dost\u0119pno\u015b\u0107":"Dost\u0119pny"},"schema":{"@context":"https:\/\/schema.org","@graph":[{"@type":"WebPage","@id":"https:\/\/pressinspection.com\/product\/full-automated-8up-thermal-ctp-system-agfa-avalon-n-8-22-s\/","url":"https:\/\/pressinspection.com\/product\/full-automated-8up-thermal-ctp-system-agfa-avalon-n-8-22-s\/","name":"Pressinspection.com | full automated 8up thermal CTP system Agfa Avalon N 8-22 S","isPartOf":{"@id":"https:\/\/pressinspection.com\/#website"},"primaryImageOfPage":{"@id":"https:\/\/pressinspection.com\/product\/full-automated-8up-thermal-ctp-system-agfa-avalon-n-8-22-s\/#primaryimage"},"image":{"@id":"https:\/\/pressinspection.com\/product\/full-automated-8up-thermal-ctp-system-agfa-avalon-n-8-22-s\/#primaryimage"},"thumbnailUrl":"https:\/\/pressinspection.com\/wp-content\/uploads\/2026\/05\/Agfa-N8-22-1.jpg","datePublished":"2026-05-02T08:59:07+00:00","dateModified":"2026-05-04T07:12:47+00:00","description":"A B2B professional tool for print shops and service specialists to find and organise services in one secure system.","breadcrumb":{"@id":"https:\/\/pressinspection.com\/product\/full-automated-8up-thermal-ctp-system-agfa-avalon-n-8-22-s\/#breadcrumb"},"inLanguage":"pl-PL","potentialAction":[{"@type":"ReadAction","target":["https:\/\/pressinspection.com\/product\/full-automated-8up-thermal-ctp-system-agfa-avalon-n-8-22-s\/"]}]},{"@type":"ImageObject","inLanguage":"pl-PL","@id":"https:\/\/pressinspection.com\/product\/full-automated-8up-thermal-ctp-system-agfa-avalon-n-8-22-s\/#primaryimage","url":"https:\/\/pressinspection.com\/wp-content\/uploads\/2026\/05\/Agfa-N8-22-1.jpg","contentUrl":"https:\/\/pressinspection.com\/wp-content\/uploads\/2026\/05\/Agfa-N8-22-1.jpg","width":398,"height":266},{"@type":"BreadcrumbList","@id":"https:\/\/pressinspection.com\/product\/full-automated-8up-thermal-ctp-system-agfa-avalon-n-8-22-s\/#breadcrumb","itemListElement":[{"@type":"ListItem","position":1,"name":"Home","item":"https:\/\/pressinspection.com\/pl\/"},{"@type":"ListItem","position":2,"name":"Marketplace","item":"https:\/\/pressinspection.com\/pl\/shop\/"},{"@type":"ListItem","position":3,"name":"full automated 8up thermal CTP system Agfa Avalon N 8-22 S"}]},{"@type":"WebSite","@id":"https:\/\/pressinspection.com\/#website","url":"https:\/\/pressinspection.com\/","name":"PressInspection.com","description":"A Global Sales Tool for Printing Professionals","publisher":{"@id":"https:\/\/pressinspection.com\/#organization"},"alternateName":"Global Tool for Managing Services for Print Shops","potentialAction":[{"@type":"SearchAction","target":{"@type":"EntryPoint","urlTemplate":"https:\/\/pressinspection.com\/?s={search_term_string}"},"query-input":{"@type":"PropertyValueSpecification","valueRequired":true,"valueName":"search_term_string"}}],"inLanguage":"pl-PL"},{"@type":"Organization","@id":"https:\/\/pressinspection.com\/#organization","name":"PressInspection\u2122","alternateName":"PressInspection.com","url":"https:\/\/pressinspection.com\/","logo":{"@type":"ImageObject","inLanguage":"pl-PL","@id":"https:\/\/pressinspection.com\/#\/schema\/logo\/image\/","url":"https:\/\/pressinspection.com\/wp-content\/uploads\/2025\/12\/pressinspectionlogo-square.jpg","contentUrl":"https:\/\/pressinspection.com\/wp-content\/uploads\/2025\/12\/pressinspectionlogo-square.jpg","width":1200,"height":1200,"caption":"PressInspection\u2122"},"image":{"@id":"https:\/\/pressinspection.com\/#\/schema\/logo\/image\/"},"sameAs":["https:\/\/www.facebook.com\/pressinspectioncom\/","https:\/\/www.linkedin.com\/company\/pressinspection-com"],"description":"Kartonika Sp. z o.o.","legalName":"Kartonika Sp. z o.o.","foundingDate":"2015-12-03","vatID":"PL7010516252","numberOfEmployees":{"@type":"QuantitativeValue","minValue":"1","maxValue":"10"},"publishingPrinciples":"https:\/\/pressinspection.com\/refund-policy\/","ownershipFundingInfo":"https:\/\/pressinspection.com\/refund-policy\/"}]},"product_price_currency":"USD","og_availability":"instock","product_availability":"instock","product_retailer_item_id":"P3D-40009","product_condition":"new"},"_links":{"self":[{"href":"https:\/\/pressinspection.com\/pl\/wp-json\/wp\/v2\/product\/38498","targetHints":{"allow":["GET"]}}],"collection":[{"href":"https:\/\/pressinspection.com\/pl\/wp-json\/wp\/v2\/product"}],"about":[{"href":"https:\/\/pressinspection.com\/pl\/wp-json\/wp\/v2\/types\/product"}],"replies":[{"embeddable":true,"href":"https:\/\/pressinspection.com\/pl\/wp-json\/wp\/v2\/comments?post=38498"}],"wp:featuredmedia":[{"embeddable":true,"href":"https:\/\/pressinspection.com\/pl\/wp-json\/wp\/v2\/media\/38497"}],"wp:attachment":[{"href":"https:\/\/pressinspection.com\/pl\/wp-json\/wp\/v2\/media?parent=38498"}],"wp:term":[{"taxonomy":"product_brand","embeddable":true,"href":"https:\/\/pressinspection.com\/pl\/wp-json\/wp\/v2\/product_brand?post=38498"},{"taxonomy":"product_cat","embeddable":true,"href":"https:\/\/pressinspection.com\/pl\/wp-json\/wp\/v2\/product_cat?post=38498"},{"taxonomy":"product_tag","embeddable":true,"href":"https:\/\/pressinspection.com\/pl\/wp-json\/wp\/v2\/product_tag?post=38498"}],"curies":[{"name":"wp","href":"https:\/\/api.w.org\/{rel}","templated":true}]}}