{"id":31864,"date":"2026-03-30T07:59:06","date_gmt":"2026-03-30T05:59:06","guid":{"rendered":"https:\/\/pressinspection.com\/?post_type=product&#038;p=31864"},"modified":"2026-04-20T21:20:45","modified_gmt":"2026-04-20T19:20:45","slug":"bottcher-ink-duct-foil-uv","status":"publish","type":"product","link":"https:\/\/pressinspection.com\/pl\/product\/bottcher-ink-duct-foil-uv\/","title":{"rendered":"B\u00f6ttcher Ink Duct Foil For UV-Printing (New)"},"content":{"rendered":"<div class=\"page\" title=\"Page 1\">\n<div class=\"layoutArea\">\n<div class=\"column\">\n<div class=\"page\" title=\"Page 1\">\n<div class=\"layoutArea\">\n<div class=\"column\">\n<div class=\"page\" title=\"Page 1\">\n<div class=\"layoutArea\">\n<div class=\"column\">\n<div class=\"page\" title=\"Page 1\">\n<div class=\"layoutArea\">\n<div class=\"column\">\n<div class=\"page\" title=\"Page 1\">\n<div class=\"layoutArea\">\n<div class=\"column\">\n<div class=\"page\" title=\"Page 1\">\n<div class=\"layoutArea\">\n<div class=\"column\">\n<div class=\"page\" title=\"Page 1\">\n<div class=\"layoutArea\">\n<div class=\"column\">\n<p>The Bo\u0308ttcher ink fountain liner is a quality part that has been specifically designed to fit Heidelberg CPC ink dosage systems. This particular polyester foil substitutes the ink meter of the ductor roller. Its exact fold and precision cut result in quick problem free installation and accurate regulation of the ink zones during printing.<\/p>\n<p>100 pieces each per cardboard box<\/p>\n<\/div>\n<\/div>\n<\/div>\n<\/div>\n<\/div>\n<\/div>\n<\/div>\n<\/div>\n<\/div>\n<\/div>\n<\/div>\n<\/div>\n<\/div>\n<\/div>\n<\/div>\n<\/div>\n<\/div>\n<\/div>\n<\/div>\n<\/div>\n<\/div>\n<p><a href=\"https:\/\/www.boettcher.de\/fileadmin\/web\/docs\/pdf\/en\/Ink_Fountain_Liner_engl.pdf\">Documentation<\/a><\/p>\n","protected":false},"excerpt":{"rendered":"<div class=\"page\" title=\"Page 1\">\n<div class=\"layoutArea\">\n<div class=\"column\">\n<div class=\"page\" title=\"Page 1\">\n<div class=\"layoutArea\">\n<div class=\"column\">\n<div class=\"page\" title=\"Page 1\">\n<div class=\"layoutArea\">\n<div class=\"column\">\n<div class=\"page\" title=\"Page 1\">\n<div class=\"layoutArea\">\n<div class=\"column\">\n<div class=\"page\" title=\"Page 1\">\n<div class=\"layoutArea\">\n<div class=\"column\">\n<div class=\"page\" title=\"Page 1\">\n<div class=\"layoutArea\">\n<div class=\"column\">\n<div class=\"page\" title=\"Page 1\">\n<div class=\"layoutArea\">\n<div class=\"column\">\n<div class=\"page\" title=\"Page 1\">\n<div class=\"layoutArea\">\n<div class=\"column\">\n<p><strong>Liner for UV-printing with higher resistance to abrasive materials.<\/strong><\/p>\n<p>Type A &#8211; with non-cut edges<br \/>\nType B &#8211; with cut edges<\/p>\n<p><strong>Unlike cheap Chinese liners, Bettcher film is strictly calibrated to a thickness of 250 \u03bcm.<\/strong><\/p>\n<p>The Original Bo\u0308ttcher ink fountain liner is a quality part that has been specifically designed to fit Heidelberg CPC ink dosage systems. This particular polyester foil substitutes the ink meter<\/p>\n<p>of the ductor roller. Its exact fold and precision cut result in quick problem free installation and accurate regulation of the ink zones during printing.<\/p>\n<p>100 pieces each per cardboard box<\/p>\n<p>Type W with cut edges is suitable for the following printing machines:<\/p>\n<div class=\"page\" title=\"Page 1\">\n<div class=\"layoutArea\">\n<div class=\"column\">\n<div class=\"page\" title=\"Page 1\">\n<div class=\"layoutArea\">\n<div class=\"column\">\n<ul>\n<li>Speedmaster 52<\/li>\n<li>Speedmaster 74 \/ CD74 \/ XL75<\/li>\n<li>Speedmaster 102 SM\/CD<\/li>\n<li>Speedmaster 105 XL<\/li>\n<\/ul>\n<\/div>\n<\/div>\n<\/div>\n<\/div>\n<\/div>\n<\/div>\n<\/div>\n<\/div>\n<\/div>\n<\/div>\n<\/div>\n<\/div>\n<\/div>\n<\/div>\n<\/div>\n<\/div>\n<\/div>\n<\/div>\n<\/div>\n<\/div>\n<\/div>\n<\/div>\n<\/div>\n<\/div>\n<\/div>\n<\/div>\n<\/div>\n<\/div>\n<\/div>\n<\/div>\n","protected":false},"featured_media":6205,"comment_status":"open","ping_status":"closed","template":"","meta":[],"product_brand":[],"product_cat":[1530,1646,1548],"product_tag":[],"class_list":{"0":"post-31864","1":"product","2":"type-product","3":"status-publish","4":"has-post-thumbnail","6":"product_cat-tools-parts","7":"product_cat-other-consumables","8":"product_cat-consumables","9":"product_shipping_class-light-packages","11":"first","12":"instock","13":"taxable","14":"shipping-taxable","15":"purchasable","16":"product-type-variable"},"booking_location":null,"booking_location_type":null,"booking_duration":null,"booking_duration_unit":null,"booking_buffer":null,"booking_cost":null,"booking_resources":null,"yoast_head":"<!-- This site is optimized with the Yoast SEO Premium plugin v26.9 (Yoast SEO v26.9) - https:\/\/yoast.com\/product\/yoast-seo-premium-wordpress\/ -->\n<title>Pressinspection.com | B\u00f6ttcher Ink Fountain Liner<\/title>\n<meta name=\"description\" content=\"Original Boettcher rollers and chemistry for your offset printing machines are now available online at Pressinspection.com. Order when buy a press!\" \/>\n<meta name=\"robots\" content=\"index, follow, max-snippet:-1, max-image-preview:large, max-video-preview:-1\" \/>\n<link rel=\"canonical\" href=\"https:\/\/pressinspection.com\/pl\/product\/bottcher-ink-duct-foil-uv\/\" \/>\n<meta property=\"og:locale\" content=\"pl_PL\" \/>\n<meta property=\"og:type\" content=\"article\" \/>\n<meta property=\"og:title\" content=\"Pressinspection.com | B\u00f6ttcher Ink Duct Foil For UV-Printing (New)\" \/>\n<meta property=\"og:description\" content=\"A B2B professional tool for print shops and service specialists to find and organise services in one secure system.\" \/>\n<meta property=\"og:url\" content=\"https:\/\/pressinspection.com\/pl\/product\/bottcher-ink-duct-foil-uv\/\" \/>\n<meta property=\"og:site_name\" content=\"PressInspection\u2122\" \/>\n<meta property=\"article:publisher\" content=\"https:\/\/www.facebook.com\/pressinspectioncom\/\" \/>\n<meta property=\"article:modified_time\" content=\"2026-04-20T19:20:45+00:00\" \/>\n<meta property=\"og:image\" content=\"https:\/\/pressinspection.com\/wp-content\/uploads\/2025\/07\/ink-fountain-liner.jpg\" \/>\n\t<meta property=\"og:image:width\" content=\"1891\" \/>\n\t<meta property=\"og:image:height\" content=\"1891\" \/>\n\t<meta property=\"og:image:type\" content=\"image\/jpeg\" \/>\n<meta name=\"twitter:card\" content=\"summary_large_image\" \/>\n<meta name=\"twitter:label1\" content=\"Dost\u0119pno\u015b\u0107\" \/>\n\t<meta name=\"twitter:data1\" content=\"Dost\u0119pny\" \/>\n<script type=\"application\/ld+json\" class=\"yoast-schema-graph\">{\"@context\":\"https:\/\/schema.org\",\"@graph\":[{\"@type\":\"WebPage\",\"@id\":\"https:\/\/pressinspection.com\/pl\/product\/bottcher-ink-duct-foil-uv\/\",\"url\":\"https:\/\/pressinspection.com\/pl\/product\/bottcher-ink-duct-foil-uv\/\",\"name\":\"Pressinspection.com | B\u00f6ttcher Ink Fountain Liner\",\"isPartOf\":{\"@id\":\"https:\/\/pressinspection.com\/#website\"},\"primaryImageOfPage\":{\"@id\":\"https:\/\/pressinspection.com\/pl\/product\/bottcher-ink-duct-foil-uv\/#primaryimage\"},\"image\":{\"@id\":\"https:\/\/pressinspection.com\/pl\/product\/bottcher-ink-duct-foil-uv\/#primaryimage\"},\"thumbnailUrl\":\"https:\/\/pressinspection.com\/wp-content\/uploads\/2025\/07\/ink-fountain-liner.jpg\",\"datePublished\":\"2026-03-30T05:59:06+00:00\",\"dateModified\":\"2026-04-20T19:20:45+00:00\",\"description\":\"Original Boettcher rollers and chemistry for your offset printing machines are now available online at Pressinspection.com. Order when buy a press!\",\"breadcrumb\":{\"@id\":\"https:\/\/pressinspection.com\/pl\/product\/bottcher-ink-duct-foil-uv\/#breadcrumb\"},\"inLanguage\":\"pl-PL\",\"potentialAction\":[{\"@type\":\"ReadAction\",\"target\":[\"https:\/\/pressinspection.com\/pl\/product\/bottcher-ink-duct-foil-uv\/\"]}]},{\"@type\":\"ImageObject\",\"inLanguage\":\"pl-PL\",\"@id\":\"https:\/\/pressinspection.com\/pl\/product\/bottcher-ink-duct-foil-uv\/#primaryimage\",\"url\":\"https:\/\/pressinspection.com\/wp-content\/uploads\/2025\/07\/ink-fountain-liner.jpg\",\"contentUrl\":\"https:\/\/pressinspection.com\/wp-content\/uploads\/2025\/07\/ink-fountain-liner.jpg\",\"width\":1891,\"height\":1891,\"caption\":\"Boettcher Ink fountain liner\"},{\"@type\":\"BreadcrumbList\",\"@id\":\"https:\/\/pressinspection.com\/pl\/product\/bottcher-ink-duct-foil-uv\/#breadcrumb\",\"itemListElement\":[{\"@type\":\"ListItem\",\"position\":1,\"name\":\"Home\",\"item\":\"https:\/\/pressinspection.com\/pl\/\"},{\"@type\":\"ListItem\",\"position\":2,\"name\":\"Marketplace\",\"item\":\"https:\/\/pressinspection.com\/pl\/shop\/\"},{\"@type\":\"ListItem\",\"position\":3,\"name\":\"B\u00f6ttcher Ink Duct Foil For UV-Printing (New)\"}]},{\"@type\":\"WebSite\",\"@id\":\"https:\/\/pressinspection.com\/#website\",\"url\":\"https:\/\/pressinspection.com\/\",\"name\":\"PressInspection.com\",\"description\":\"A Global Sales Tool for Printing Professionals\",\"publisher\":{\"@id\":\"https:\/\/pressinspection.com\/#organization\"},\"alternateName\":\"Global Tool for Managing Services for Print Shops\",\"potentialAction\":[{\"@type\":\"SearchAction\",\"target\":{\"@type\":\"EntryPoint\",\"urlTemplate\":\"https:\/\/pressinspection.com\/?s={search_term_string}\"},\"query-input\":{\"@type\":\"PropertyValueSpecification\",\"valueRequired\":true,\"valueName\":\"search_term_string\"}}],\"inLanguage\":\"pl-PL\"},{\"@type\":\"Organization\",\"@id\":\"https:\/\/pressinspection.com\/#organization\",\"name\":\"PressInspection\u2122\",\"alternateName\":\"PressInspection.com\",\"url\":\"https:\/\/pressinspection.com\/\",\"logo\":{\"@type\":\"ImageObject\",\"inLanguage\":\"pl-PL\",\"@id\":\"https:\/\/pressinspection.com\/#\/schema\/logo\/image\/\",\"url\":\"https:\/\/pressinspection.com\/wp-content\/uploads\/2025\/12\/pressinspectionlogo-square.jpg\",\"contentUrl\":\"https:\/\/pressinspection.com\/wp-content\/uploads\/2025\/12\/pressinspectionlogo-square.jpg\",\"width\":1200,\"height\":1200,\"caption\":\"PressInspection\u2122\"},\"image\":{\"@id\":\"https:\/\/pressinspection.com\/#\/schema\/logo\/image\/\"},\"sameAs\":[\"https:\/\/www.facebook.com\/pressinspectioncom\/\",\"https:\/\/www.linkedin.com\/company\/pressinspection-com\"],\"description\":\"Kartonika Sp. z o.o.\",\"legalName\":\"Kartonika Sp. z o.o.\",\"foundingDate\":\"2015-12-03\",\"vatID\":\"PL7010516252\",\"numberOfEmployees\":{\"@type\":\"QuantitativeValue\",\"minValue\":\"1\",\"maxValue\":\"10\"},\"publishingPrinciples\":\"https:\/\/pressinspection.com\/refund-policy\/\",\"ownershipFundingInfo\":\"https:\/\/pressinspection.com\/refund-policy\/\"}]}<\/script>\n<meta property=\"og:availability\" content=\"instock\" \/>\n<meta property=\"product:availability\" content=\"instock\" \/>\n<meta property=\"product:retailer_item_id\" content=\"INKLINER-UV-1\" \/>\n<meta property=\"product:condition\" content=\"new\" \/>\n<!-- \/ Yoast SEO Premium plugin. -->","yoast_head_json":{"title":"Pressinspection.com | B\u00f6ttcher Ink Fountain Liner","description":"Original Boettcher rollers and chemistry for your offset printing machines are now available online at Pressinspection.com. Order when buy a press!","robots":{"index":"index","follow":"follow","max-snippet":"max-snippet:-1","max-image-preview":"max-image-preview:large","max-video-preview":"max-video-preview:-1"},"canonical":"https:\/\/pressinspection.com\/pl\/product\/bottcher-ink-duct-foil-uv\/","og_locale":"pl_PL","og_type":"article","og_title":"Pressinspection.com | B\u00f6ttcher Ink Duct Foil For UV-Printing (New)","og_description":"A B2B professional tool for print shops and service specialists to find and organise services in one secure system.","og_url":"https:\/\/pressinspection.com\/pl\/product\/bottcher-ink-duct-foil-uv\/","og_site_name":"PressInspection\u2122","article_publisher":"https:\/\/www.facebook.com\/pressinspectioncom\/","article_modified_time":"2026-04-20T19:20:45+00:00","og_image":[{"width":1891,"height":1891,"url":"https:\/\/pressinspection.com\/wp-content\/uploads\/2025\/07\/ink-fountain-liner.jpg","type":"image\/jpeg"}],"twitter_card":"summary_large_image","twitter_misc":{"Dost\u0119pno\u015b\u0107":"Dost\u0119pny"},"schema":{"@context":"https:\/\/schema.org","@graph":[{"@type":"WebPage","@id":"https:\/\/pressinspection.com\/pl\/product\/bottcher-ink-duct-foil-uv\/","url":"https:\/\/pressinspection.com\/pl\/product\/bottcher-ink-duct-foil-uv\/","name":"Pressinspection.com | B\u00f6ttcher Ink Fountain Liner","isPartOf":{"@id":"https:\/\/pressinspection.com\/#website"},"primaryImageOfPage":{"@id":"https:\/\/pressinspection.com\/pl\/product\/bottcher-ink-duct-foil-uv\/#primaryimage"},"image":{"@id":"https:\/\/pressinspection.com\/pl\/product\/bottcher-ink-duct-foil-uv\/#primaryimage"},"thumbnailUrl":"https:\/\/pressinspection.com\/wp-content\/uploads\/2025\/07\/ink-fountain-liner.jpg","datePublished":"2026-03-30T05:59:06+00:00","dateModified":"2026-04-20T19:20:45+00:00","description":"Original Boettcher rollers and chemistry for your offset printing machines are now available online at Pressinspection.com. Order when buy a press!","breadcrumb":{"@id":"https:\/\/pressinspection.com\/pl\/product\/bottcher-ink-duct-foil-uv\/#breadcrumb"},"inLanguage":"pl-PL","potentialAction":[{"@type":"ReadAction","target":["https:\/\/pressinspection.com\/pl\/product\/bottcher-ink-duct-foil-uv\/"]}]},{"@type":"ImageObject","inLanguage":"pl-PL","@id":"https:\/\/pressinspection.com\/pl\/product\/bottcher-ink-duct-foil-uv\/#primaryimage","url":"https:\/\/pressinspection.com\/wp-content\/uploads\/2025\/07\/ink-fountain-liner.jpg","contentUrl":"https:\/\/pressinspection.com\/wp-content\/uploads\/2025\/07\/ink-fountain-liner.jpg","width":1891,"height":1891,"caption":"Boettcher Ink fountain liner"},{"@type":"BreadcrumbList","@id":"https:\/\/pressinspection.com\/pl\/product\/bottcher-ink-duct-foil-uv\/#breadcrumb","itemListElement":[{"@type":"ListItem","position":1,"name":"Home","item":"https:\/\/pressinspection.com\/pl\/"},{"@type":"ListItem","position":2,"name":"Marketplace","item":"https:\/\/pressinspection.com\/pl\/shop\/"},{"@type":"ListItem","position":3,"name":"B\u00f6ttcher Ink Duct Foil For UV-Printing (New)"}]},{"@type":"WebSite","@id":"https:\/\/pressinspection.com\/#website","url":"https:\/\/pressinspection.com\/","name":"PressInspection.com","description":"A Global Sales Tool for Printing Professionals","publisher":{"@id":"https:\/\/pressinspection.com\/#organization"},"alternateName":"Global Tool for Managing Services for Print Shops","potentialAction":[{"@type":"SearchAction","target":{"@type":"EntryPoint","urlTemplate":"https:\/\/pressinspection.com\/?s={search_term_string}"},"query-input":{"@type":"PropertyValueSpecification","valueRequired":true,"valueName":"search_term_string"}}],"inLanguage":"pl-PL"},{"@type":"Organization","@id":"https:\/\/pressinspection.com\/#organization","name":"PressInspection\u2122","alternateName":"PressInspection.com","url":"https:\/\/pressinspection.com\/","logo":{"@type":"ImageObject","inLanguage":"pl-PL","@id":"https:\/\/pressinspection.com\/#\/schema\/logo\/image\/","url":"https:\/\/pressinspection.com\/wp-content\/uploads\/2025\/12\/pressinspectionlogo-square.jpg","contentUrl":"https:\/\/pressinspection.com\/wp-content\/uploads\/2025\/12\/pressinspectionlogo-square.jpg","width":1200,"height":1200,"caption":"PressInspection\u2122"},"image":{"@id":"https:\/\/pressinspection.com\/#\/schema\/logo\/image\/"},"sameAs":["https:\/\/www.facebook.com\/pressinspectioncom\/","https:\/\/www.linkedin.com\/company\/pressinspection-com"],"description":"Kartonika Sp. z o.o.","legalName":"Kartonika Sp. z o.o.","foundingDate":"2015-12-03","vatID":"PL7010516252","numberOfEmployees":{"@type":"QuantitativeValue","minValue":"1","maxValue":"10"},"publishingPrinciples":"https:\/\/pressinspection.com\/refund-policy\/","ownershipFundingInfo":"https:\/\/pressinspection.com\/refund-policy\/"}]},"og_availability":"instock","product_availability":"instock","product_retailer_item_id":"INKLINER-UV-1","product_condition":"new"},"_links":{"self":[{"href":"https:\/\/pressinspection.com\/pl\/wp-json\/wp\/v2\/product\/31864","targetHints":{"allow":["GET"]}}],"collection":[{"href":"https:\/\/pressinspection.com\/pl\/wp-json\/wp\/v2\/product"}],"about":[{"href":"https:\/\/pressinspection.com\/pl\/wp-json\/wp\/v2\/types\/product"}],"replies":[{"embeddable":true,"href":"https:\/\/pressinspection.com\/pl\/wp-json\/wp\/v2\/comments?post=31864"}],"wp:featuredmedia":[{"embeddable":true,"href":"https:\/\/pressinspection.com\/pl\/wp-json\/wp\/v2\/media\/6205"}],"wp:attachment":[{"href":"https:\/\/pressinspection.com\/pl\/wp-json\/wp\/v2\/media?parent=31864"}],"wp:term":[{"taxonomy":"product_brand","embeddable":true,"href":"https:\/\/pressinspection.com\/pl\/wp-json\/wp\/v2\/product_brand?post=31864"},{"taxonomy":"product_cat","embeddable":true,"href":"https:\/\/pressinspection.com\/pl\/wp-json\/wp\/v2\/product_cat?post=31864"},{"taxonomy":"product_tag","embeddable":true,"href":"https:\/\/pressinspection.com\/pl\/wp-json\/wp\/v2\/product_tag?post=31864"}],"curies":[{"name":"wp","href":"https:\/\/api.w.org\/{rel}","templated":true}]}}