{"id":26059,"date":"2026-02-25T20:05:53","date_gmt":"2026-02-25T19:05:53","guid":{"rendered":"https:\/\/pressinspection.com\/product\/heidelberg-gto-52-from-1991\/"},"modified":"2026-03-10T03:17:23","modified_gmt":"2026-03-10T02:17:23","slug":"heidelberg-gto-52-from-1991","status":"publish","type":"product","link":"https:\/\/pressinspection.com\/pl\/product\/heidelberg-gto-52-from-1991\/","title":{"rendered":"HEIDELBERG GTO 52 from 1991"},"content":{"rendered":"","protected":false},"excerpt":{"rendered":"","protected":false},"featured_media":25961,"comment_status":"open","ping_status":"closed","template":"","meta":[],"product_brand":[318],"product_cat":[1170,1146,1122],"product_tag":[],"class_list":{"0":"post-26059","1":"product","2":"type-product","3":"status-publish","4":"has-post-thumbnail","6":"product_brand-heidelberg","7":"product_cat-offset-machines","8":"product_cat-all-printing","9":"product_cat-equipment","11":"first","12":"instock","13":"taxable","14":"shipping-taxable","15":"purchasable","16":"product-type-simple"},"booking_location":null,"booking_location_type":null,"booking_duration":null,"booking_duration_unit":null,"booking_buffer":null,"booking_cost":null,"booking_resources":null,"yoast_head":"<!-- This site is optimized with the Yoast SEO Premium plugin v26.9 (Yoast SEO v26.9) - https:\/\/yoast.com\/product\/yoast-seo-premium-wordpress\/ -->\n<title>HEIDELBERG GTO 52 from 1991 | PressInspection\u2122<\/title>\n<meta name=\"description\" content=\"A B2B professional tool for print shops and service specialists to find and organise services in one secure system.\" \/>\n<meta name=\"robots\" content=\"index, follow, max-snippet:-1, max-image-preview:large, max-video-preview:-1\" \/>\n<link rel=\"canonical\" href=\"https:\/\/pressinspection.com\/pl\/product\/heidelberg-gto-52-from-1991\/\" \/>\n<meta property=\"og:locale\" content=\"pl_PL\" \/>\n<meta property=\"og:type\" content=\"article\" \/>\n<meta property=\"og:title\" content=\"Pressinspection.com | HEIDELBERG GTO 52 from 1991\" \/>\n<meta property=\"og:description\" content=\"A B2B professional tool for print shops and service specialists to find and organise services in one secure system.\" \/>\n<meta property=\"og:url\" content=\"https:\/\/pressinspection.com\/pl\/product\/heidelberg-gto-52-from-1991\/\" \/>\n<meta property=\"og:site_name\" content=\"PressInspection\u2122\" \/>\n<meta property=\"article:publisher\" content=\"https:\/\/www.facebook.com\/pressinspectioncom\/\" \/>\n<meta property=\"article:modified_time\" content=\"2026-03-10T02:17:23+00:00\" \/>\n<meta property=\"og:image\" content=\"https:\/\/pressinspection.com\/wp-content\/uploads\/2026\/02\/image_0-20.jpg\" \/>\n\t<meta property=\"og:image:width\" content=\"480\" \/>\n\t<meta property=\"og:image:height\" content=\"640\" \/>\n\t<meta property=\"og:image:type\" content=\"image\/jpeg\" \/>\n<meta name=\"twitter:card\" content=\"summary_large_image\" \/>\n<meta name=\"twitter:label1\" content=\"Cena\" \/>\n\t<meta name=\"twitter:data1\" content=\"&#036;7 284.68\" \/>\n\t<meta name=\"twitter:label2\" content=\"Dost\u0119pno\u015b\u0107\" \/>\n\t<meta name=\"twitter:data2\" content=\"Dost\u0119pny\" \/>\n<script type=\"application\/ld+json\" class=\"yoast-schema-graph\">{\"@context\":\"https:\/\/schema.org\",\"@graph\":[{\"@type\":\"WebPage\",\"@id\":\"https:\/\/pressinspection.com\/pl\/product\/heidelberg-gto-52-from-1991\/\",\"url\":\"https:\/\/pressinspection.com\/pl\/product\/heidelberg-gto-52-from-1991\/\",\"name\":\"HEIDELBERG GTO 52 from 1991 | PressInspection\u2122\",\"isPartOf\":{\"@id\":\"https:\/\/pressinspection.com\/#website\"},\"primaryImageOfPage\":{\"@id\":\"https:\/\/pressinspection.com\/pl\/product\/heidelberg-gto-52-from-1991\/#primaryimage\"},\"image\":{\"@id\":\"https:\/\/pressinspection.com\/pl\/product\/heidelberg-gto-52-from-1991\/#primaryimage\"},\"thumbnailUrl\":\"https:\/\/pressinspection.com\/wp-content\/uploads\/2026\/02\/image_0-20.jpg\",\"datePublished\":\"2026-02-25T19:05:53+00:00\",\"dateModified\":\"2026-03-10T02:17:23+00:00\",\"description\":\"A B2B professional tool for print shops and service specialists to find and organise services in one secure system.\",\"breadcrumb\":{\"@id\":\"https:\/\/pressinspection.com\/pl\/product\/heidelberg-gto-52-from-1991\/#breadcrumb\"},\"inLanguage\":\"pl-PL\",\"potentialAction\":[{\"@type\":\"ReadAction\",\"target\":[\"https:\/\/pressinspection.com\/pl\/product\/heidelberg-gto-52-from-1991\/\"]}]},{\"@type\":\"ImageObject\",\"inLanguage\":\"pl-PL\",\"@id\":\"https:\/\/pressinspection.com\/pl\/product\/heidelberg-gto-52-from-1991\/#primaryimage\",\"url\":\"https:\/\/pressinspection.com\/wp-content\/uploads\/2026\/02\/image_0-20.jpg\",\"contentUrl\":\"https:\/\/pressinspection.com\/wp-content\/uploads\/2026\/02\/image_0-20.jpg\",\"width\":480,\"height\":640},{\"@type\":\"BreadcrumbList\",\"@id\":\"https:\/\/pressinspection.com\/pl\/product\/heidelberg-gto-52-from-1991\/#breadcrumb\",\"itemListElement\":[{\"@type\":\"ListItem\",\"position\":1,\"name\":\"Home\",\"item\":\"https:\/\/pressinspection.com\/pl\/\"},{\"@type\":\"ListItem\",\"position\":2,\"name\":\"Marketplace\",\"item\":\"https:\/\/pressinspection.com\/pl\/shop\/\"},{\"@type\":\"ListItem\",\"position\":3,\"name\":\"HEIDELBERG GTO 52 from 1991\"}]},{\"@type\":\"WebSite\",\"@id\":\"https:\/\/pressinspection.com\/#website\",\"url\":\"https:\/\/pressinspection.com\/\",\"name\":\"PressInspection.com\",\"description\":\"A Global Sales Tool for Printing Professionals\",\"publisher\":{\"@id\":\"https:\/\/pressinspection.com\/#organization\"},\"alternateName\":\"Global Tool for Managing Services for Print Shops\",\"potentialAction\":[{\"@type\":\"SearchAction\",\"target\":{\"@type\":\"EntryPoint\",\"urlTemplate\":\"https:\/\/pressinspection.com\/?s={search_term_string}\"},\"query-input\":{\"@type\":\"PropertyValueSpecification\",\"valueRequired\":true,\"valueName\":\"search_term_string\"}}],\"inLanguage\":\"pl-PL\"},{\"@type\":\"Organization\",\"@id\":\"https:\/\/pressinspection.com\/#organization\",\"name\":\"PressInspection\u2122\",\"alternateName\":\"PressInspection.com\",\"url\":\"https:\/\/pressinspection.com\/\",\"logo\":{\"@type\":\"ImageObject\",\"inLanguage\":\"pl-PL\",\"@id\":\"https:\/\/pressinspection.com\/#\/schema\/logo\/image\/\",\"url\":\"https:\/\/pressinspection.com\/wp-content\/uploads\/2025\/12\/pressinspectionlogo-square.jpg\",\"contentUrl\":\"https:\/\/pressinspection.com\/wp-content\/uploads\/2025\/12\/pressinspectionlogo-square.jpg\",\"width\":1200,\"height\":1200,\"caption\":\"PressInspection\u2122\"},\"image\":{\"@id\":\"https:\/\/pressinspection.com\/#\/schema\/logo\/image\/\"},\"sameAs\":[\"https:\/\/www.facebook.com\/pressinspectioncom\/\",\"https:\/\/www.linkedin.com\/company\/pressinspection-com\"],\"description\":\"Kartonika Sp. z o.o.\",\"legalName\":\"Kartonika Sp. z o.o.\",\"foundingDate\":\"2015-12-03\",\"vatID\":\"PL7010516252\",\"numberOfEmployees\":{\"@type\":\"QuantitativeValue\",\"minValue\":\"1\",\"maxValue\":\"10\"},\"publishingPrinciples\":\"https:\/\/pressinspection.com\/refund-policy\/\",\"ownershipFundingInfo\":\"https:\/\/pressinspection.com\/refund-policy\/\"}]}<\/script>\n<meta property=\"product:price:amount\" content=\"7284.68\" \/>\n<meta property=\"product:price:currency\" content=\"USD\" \/>\n<meta property=\"og:availability\" content=\"instock\" \/>\n<meta property=\"product:availability\" content=\"instock\" \/>\n<meta property=\"product:retailer_item_id\" content=\"328915\" \/>\n<meta property=\"product:condition\" content=\"new\" \/>\n<!-- \/ Yoast SEO Premium plugin. -->","yoast_head_json":{"title":"HEIDELBERG GTO 52 from 1991 | PressInspection\u2122","description":"A B2B professional tool for print shops and service specialists to find and organise services in one secure system.","robots":{"index":"index","follow":"follow","max-snippet":"max-snippet:-1","max-image-preview":"max-image-preview:large","max-video-preview":"max-video-preview:-1"},"canonical":"https:\/\/pressinspection.com\/pl\/product\/heidelberg-gto-52-from-1991\/","og_locale":"pl_PL","og_type":"article","og_title":"Pressinspection.com | HEIDELBERG GTO 52 from 1991","og_description":"A B2B professional tool for print shops and service specialists to find and organise services in one secure system.","og_url":"https:\/\/pressinspection.com\/pl\/product\/heidelberg-gto-52-from-1991\/","og_site_name":"PressInspection\u2122","article_publisher":"https:\/\/www.facebook.com\/pressinspectioncom\/","article_modified_time":"2026-03-10T02:17:23+00:00","og_image":[{"width":480,"height":640,"url":"https:\/\/pressinspection.com\/wp-content\/uploads\/2026\/02\/image_0-20.jpg","type":"image\/jpeg"}],"twitter_card":"summary_large_image","twitter_misc":{"Cena":"&#36;7 284.68","Dost\u0119pno\u015b\u0107":"Dost\u0119pny"},"schema":{"@context":"https:\/\/schema.org","@graph":[{"@type":"WebPage","@id":"https:\/\/pressinspection.com\/pl\/product\/heidelberg-gto-52-from-1991\/","url":"https:\/\/pressinspection.com\/pl\/product\/heidelberg-gto-52-from-1991\/","name":"HEIDELBERG GTO 52 from 1991 | PressInspection\u2122","isPartOf":{"@id":"https:\/\/pressinspection.com\/#website"},"primaryImageOfPage":{"@id":"https:\/\/pressinspection.com\/pl\/product\/heidelberg-gto-52-from-1991\/#primaryimage"},"image":{"@id":"https:\/\/pressinspection.com\/pl\/product\/heidelberg-gto-52-from-1991\/#primaryimage"},"thumbnailUrl":"https:\/\/pressinspection.com\/wp-content\/uploads\/2026\/02\/image_0-20.jpg","datePublished":"2026-02-25T19:05:53+00:00","dateModified":"2026-03-10T02:17:23+00:00","description":"A B2B professional tool for print shops and service specialists to find and organise services in one secure system.","breadcrumb":{"@id":"https:\/\/pressinspection.com\/pl\/product\/heidelberg-gto-52-from-1991\/#breadcrumb"},"inLanguage":"pl-PL","potentialAction":[{"@type":"ReadAction","target":["https:\/\/pressinspection.com\/pl\/product\/heidelberg-gto-52-from-1991\/"]}]},{"@type":"ImageObject","inLanguage":"pl-PL","@id":"https:\/\/pressinspection.com\/pl\/product\/heidelberg-gto-52-from-1991\/#primaryimage","url":"https:\/\/pressinspection.com\/wp-content\/uploads\/2026\/02\/image_0-20.jpg","contentUrl":"https:\/\/pressinspection.com\/wp-content\/uploads\/2026\/02\/image_0-20.jpg","width":480,"height":640},{"@type":"BreadcrumbList","@id":"https:\/\/pressinspection.com\/pl\/product\/heidelberg-gto-52-from-1991\/#breadcrumb","itemListElement":[{"@type":"ListItem","position":1,"name":"Home","item":"https:\/\/pressinspection.com\/pl\/"},{"@type":"ListItem","position":2,"name":"Marketplace","item":"https:\/\/pressinspection.com\/pl\/shop\/"},{"@type":"ListItem","position":3,"name":"HEIDELBERG GTO 52 from 1991"}]},{"@type":"WebSite","@id":"https:\/\/pressinspection.com\/#website","url":"https:\/\/pressinspection.com\/","name":"PressInspection.com","description":"A Global Sales Tool for Printing Professionals","publisher":{"@id":"https:\/\/pressinspection.com\/#organization"},"alternateName":"Global Tool for Managing Services for Print Shops","potentialAction":[{"@type":"SearchAction","target":{"@type":"EntryPoint","urlTemplate":"https:\/\/pressinspection.com\/?s={search_term_string}"},"query-input":{"@type":"PropertyValueSpecification","valueRequired":true,"valueName":"search_term_string"}}],"inLanguage":"pl-PL"},{"@type":"Organization","@id":"https:\/\/pressinspection.com\/#organization","name":"PressInspection\u2122","alternateName":"PressInspection.com","url":"https:\/\/pressinspection.com\/","logo":{"@type":"ImageObject","inLanguage":"pl-PL","@id":"https:\/\/pressinspection.com\/#\/schema\/logo\/image\/","url":"https:\/\/pressinspection.com\/wp-content\/uploads\/2025\/12\/pressinspectionlogo-square.jpg","contentUrl":"https:\/\/pressinspection.com\/wp-content\/uploads\/2025\/12\/pressinspectionlogo-square.jpg","width":1200,"height":1200,"caption":"PressInspection\u2122"},"image":{"@id":"https:\/\/pressinspection.com\/#\/schema\/logo\/image\/"},"sameAs":["https:\/\/www.facebook.com\/pressinspectioncom\/","https:\/\/www.linkedin.com\/company\/pressinspection-com"],"description":"Kartonika Sp. z o.o.","legalName":"Kartonika Sp. z o.o.","foundingDate":"2015-12-03","vatID":"PL7010516252","numberOfEmployees":{"@type":"QuantitativeValue","minValue":"1","maxValue":"10"},"publishingPrinciples":"https:\/\/pressinspection.com\/refund-policy\/","ownershipFundingInfo":"https:\/\/pressinspection.com\/refund-policy\/"}]},"product_price_amount":"7284.68","product_price_currency":"USD","og_availability":"instock","product_availability":"instock","product_retailer_item_id":"328915","product_condition":"new"},"_links":{"self":[{"href":"https:\/\/pressinspection.com\/pl\/wp-json\/wp\/v2\/product\/26059","targetHints":{"allow":["GET"]}}],"collection":[{"href":"https:\/\/pressinspection.com\/pl\/wp-json\/wp\/v2\/product"}],"about":[{"href":"https:\/\/pressinspection.com\/pl\/wp-json\/wp\/v2\/types\/product"}],"replies":[{"embeddable":true,"href":"https:\/\/pressinspection.com\/pl\/wp-json\/wp\/v2\/comments?post=26059"}],"wp:featuredmedia":[{"embeddable":true,"href":"https:\/\/pressinspection.com\/pl\/wp-json\/wp\/v2\/media\/25961"}],"wp:attachment":[{"href":"https:\/\/pressinspection.com\/pl\/wp-json\/wp\/v2\/media?parent=26059"}],"wp:term":[{"taxonomy":"product_brand","embeddable":true,"href":"https:\/\/pressinspection.com\/pl\/wp-json\/wp\/v2\/product_brand?post=26059"},{"taxonomy":"product_cat","embeddable":true,"href":"https:\/\/pressinspection.com\/pl\/wp-json\/wp\/v2\/product_cat?post=26059"},{"taxonomy":"product_tag","embeddable":true,"href":"https:\/\/pressinspection.com\/pl\/wp-json\/wp\/v2\/product_tag?post=26059"}],"curies":[{"name":"wp","href":"https:\/\/api.w.org\/{rel}","templated":true}]}}