{"id":25513,"date":"2026-02-23T19:06:14","date_gmt":"2026-02-23T18:06:14","guid":{"rendered":"https:\/\/pressinspection.com\/product\/rotaprint-r-45-k-from-1988\/"},"modified":"2026-03-10T03:18:11","modified_gmt":"2026-03-10T02:18:11","slug":"rotaprint-r-45-k-from-1988","status":"publish","type":"product","link":"https:\/\/pressinspection.com\/pl\/product\/rotaprint-r-45-k-from-1988\/","title":{"rendered":"ROTAPRINT R 45 K from 1988"},"content":{"rendered":"<section class=\"bg-white py-8 antialiased dark:bg-gray-900 md:py-4\">\n<div class=\"mx-auto max-w-screen-xl px-4 2xl:px-0\">\n<h2 class=\"mb-4 text-2xl font-semibold text-gray-900 \">Offer Details<\/h2>\n<div class=\"overflow-x-auto\">\n<table class=\"w-full text-left text-gray-500 dark:text-gray-400\">\n<thead>\n<tr>\n<th class=\"min-w-72\" scope=\"col\"><span class=\"sr-only\">Name property<\/span><\/th>\n<th class=\"min-w-[36rem] whitespace-nowrap\" scope=\"col\"><span class=\"sr-only\">Description property<\/span><\/th>\n<\/tr>\n<\/thead>\n<tbody>\n<tr class=\"border border-1 border-black\">\n<th class=\"p-1 font-medium text-gray-900 \" scope=\"row\">Offer Number:<\/th>\n<td class=\"p-1\"><\/td>\n<\/tr>\n<tr class=\"border border-1 border-black\">\n<th class=\"p-1 font-medium text-gray-900 \" scope=\"row\">Brand:<\/th>\n<td class=\"p-1\">ROTAPRINT<\/td>\n<\/tr>\n<tr class=\"border border-1 border-black\">\n<th class=\"p-1 font-medium text-gray-900 \" scope=\"row\">Model:<\/th>\n<td class=\"p-1\">R 45 K<\/td>\n<\/tr>\n<tr class=\"border border-1 border-black\">\n<th class=\"p-1 font-medium text-gray-900 \" scope=\"row\">Manufacturer<\/th>\n<td class=\"p-1\">ROTAPRINT<\/td>\n<\/tr>\n<tr class=\"border border-1 border-black\">\n<th class=\"p-1 font-medium text-gray-900 \" scope=\"row\">Condition:<\/th>\n<td class=\"p-1\">good<\/td>\n<\/tr>\n<tr class=\"border border-1 border-black\">\n<th class=\"p-1 font-medium text-gray-900 \" scope=\"row\">Year:<\/th>\n<td class=\"p-1\">1988<\/td>\n<\/tr>\n<tr class=\"border border-1 border-black\">\n<th class=\"p-1 font-medium text-gray-900 \" scope=\"row\">Incoterm:<\/th>\n<td class=\"p-1\">Free Carrier<\/td>\n<\/tr>\n<tr class=\"border border-1 border-black\">\n<th class=\"p-1 font-medium text-gray-900 \" scope=\"row\">Cylinders Condition:<\/th>\n<td class=\"p-1\">damage_free<\/td>\n<\/tr>\n<tr class=\"border border-1 border-black\">\n<th class=\"p-1 font-medium text-gray-900 \" scope=\"row\">Under Power:<\/th>\n<td class=\"p-1\">No<\/td>\n<\/tr>\n<tr class=\"border border-1 border-black\">\n<th class=\"p-1 font-medium text-gray-900 \" scope=\"row\">Still in production:<\/th>\n<td class=\"p-1\">No<\/td>\n<\/tr>\n<tr class=\"border border-1 border-black\">\n<th class=\"p-1 font-medium text-gray-900 \" scope=\"row\">Test possible:<\/th>\n<td class=\"p-1\">No<\/td>\n<\/tr>\n<tr class=\"border border-1 border-black\">\n<th class=\"p-1 font-medium text-gray-900 \" scope=\"row\">Complete and in working condition:<\/th>\n<td class=\"p-1\">Yes<\/td>\n<\/tr>\n<tr class=\"border border-1 border-black\">\n<th class=\"p-1 font-medium text-gray-900 \" scope=\"row\">Availability:<\/th>\n<td class=\"p-1\">Immediately<\/td>\n<\/tr>\n<tr class=\"border border-1 border-black\">\n<th class=\"p-1 font-medium text-gray-900 \" scope=\"row\">Counter:<\/th>\n<td class=\"p-1\"><\/td>\n<\/tr>\n<tr class=\"border border-1 border-black\">\n<th class=\"p-1 font-medium text-gray-900 \" scope=\"row\">Machine number:<\/th>\n<td class=\"p-1\"><\/td>\n<\/tr>\n<tr class=\"border border-1 border-black\">\n<th class=\"p-1 font-medium text-gray-900 \" scope=\"row\">Description:<\/th>\n<td class=\"p-1\">Conventional dampening&lt;&gt;Books and manuals&lt;&gt;In stock&lt;&gt;Standard Machine<\/td>\n<\/tr>\n<\/tbody>\n<\/table>\n<\/div>\n<\/div>\n<\/section>\n<section class=\"bg-white py-8 antialiased dark:bg-gray-900 md:py-4\">\n<div class=\"mx-auto max-w-screen-xl px-4 2xl:px-0\">\n<h2 class=\"mb-4 text-2xl font-semibold text-gray-900 \">Technical details<\/h2>\n<div class=\"\">\n<table class=\"w-full text-left text-gray-500 dark:text-gray-400\">\n<thead>\n<tr>\n<th class=\"min-w-72\" scope=\"col\"><span class=\"sr-only\">Name property<\/span><\/th>\n<th class=\"min-w-[36rem] whitespace-nowrap\" scope=\"col\"><span class=\"sr-only\">Description property<\/span><\/th>\n<\/tr>\n<\/thead>\n<tbody>\n<tr class=\"border border-1 border-black\">\n<th class=\"p-1 font-medium text-gray-900\" scope=\"row\">Max. paper size<\/th>\n<td class=\"p-1\">310&#215;356 mm<\/td>\n<\/tr>\n<tr class=\"border border-1 border-black\">\n<th class=\"p-1 font-medium text-gray-900\" scope=\"row\">Smallest size<\/th>\n<td class=\"p-1\">105&#215;148 mm<\/td>\n<\/tr>\n<tr class=\"border border-1 border-black\">\n<th class=\"p-1 font-medium text-gray-900\" scope=\"row\">Speed<\/th>\n<td class=\"p-1\">7.000 sh\/h<\/td>\n<\/tr>\n<tr class=\"border border-1 border-black\">\n<th class=\"p-1 font-medium text-gray-900\" scope=\"row\">Power consumption<\/th>\n<td class=\"p-1\">2 kw<\/td>\n<\/tr>\n<tr class=\"border border-1 border-black\">\n<th class=\"p-1 font-medium text-gray-900\" scope=\"row\">Length<\/th>\n<td class=\"p-1\">1195 mm<\/td>\n<\/tr>\n<tr class=\"border border-1 border-black\">\n<th class=\"p-1 font-medium text-gray-900\" scope=\"row\">Width<\/th>\n<td class=\"p-1\">1042 mm<\/td>\n<\/tr>\n<tr class=\"border border-1 border-black\">\n<th class=\"p-1 font-medium text-gray-900\" scope=\"row\">Height<\/th>\n<td class=\"p-1\">1346 mm<\/td>\n<\/tr>\n<tr class=\"border border-1 border-black\">\n<th class=\"p-1 font-medium text-gray-900\" scope=\"row\">Weight approx.<\/th>\n<td class=\"p-1\">580 kg<\/td>\n<\/tr>\n<tr class=\"border border-1 border-black\">\n<th class=\"p-1 font-medium text-gray-900\" scope=\"row\">Colors<\/th>\n<td class=\"p-1\">1<\/td>\n<\/tr>\n<tr class=\"border border-1 border-black\">\n<th class=\"p-1 font-medium text-gray-900\" scope=\"row\">HS Code<\/th>\n<td class=\"p-1\">84431300<\/td>\n<\/tr>\n<\/tbody>\n<\/table>\n<\/div>\n<\/div>\n<\/section>\n","protected":false},"excerpt":{"rendered":"<table class=\"w-full text-left text-gray-500 dark:text-gray-400\">\n<tbody>\n<tr class=\"border border-1 border-black\">\n<td class=\"p-1\">Conventional dampening&lt;&gt;Books and manuals&lt;&gt;In stock&lt;&gt;Standard Machine<\/td>\n<\/tr>\n<\/tbody>\n<\/table>\n","protected":false},"featured_media":25399,"comment_status":"open","ping_status":"closed","template":"","meta":[],"product_brand":[523],"product_cat":[1152,1146,1122],"product_tag":[],"class_list":{"0":"post-25513","1":"product","2":"type-product","3":"status-publish","4":"has-post-thumbnail","6":"product_brand-rotaprint","7":"product_cat-digital-printing","8":"product_cat-all-printing","9":"product_cat-equipment","11":"first","12":"instock","13":"taxable","14":"shipping-taxable","15":"purchasable","16":"product-type-simple"},"booking_location":null,"booking_location_type":null,"booking_duration":null,"booking_duration_unit":null,"booking_buffer":null,"booking_cost":null,"booking_resources":null,"yoast_head":"<!-- This site is optimized with the Yoast SEO Premium plugin v26.9 (Yoast SEO v26.9) - https:\/\/yoast.com\/product\/yoast-seo-premium-wordpress\/ -->\n<title>ROTAPRINT R 45 K from 1988 | PressInspection\u2122<\/title>\n<meta name=\"description\" content=\"A B2B professional tool for print shops and service specialists to find and organise services in one secure system.\" \/>\n<meta name=\"robots\" content=\"index, follow, max-snippet:-1, max-image-preview:large, max-video-preview:-1\" \/>\n<link rel=\"canonical\" href=\"https:\/\/pressinspection.com\/pl\/product\/rotaprint-r-45-k-from-1988\/\" \/>\n<meta property=\"og:locale\" content=\"pl_PL\" \/>\n<meta property=\"og:type\" content=\"article\" \/>\n<meta property=\"og:title\" content=\"Pressinspection.com | ROTAPRINT R 45 K from 1988\" \/>\n<meta property=\"og:description\" content=\"A B2B professional tool for print shops and service specialists to find and organise services in one secure system.\" \/>\n<meta property=\"og:url\" content=\"https:\/\/pressinspection.com\/pl\/product\/rotaprint-r-45-k-from-1988\/\" \/>\n<meta property=\"og:site_name\" content=\"PressInspection\u2122\" \/>\n<meta property=\"article:publisher\" content=\"https:\/\/www.facebook.com\/pressinspectioncom\/\" \/>\n<meta property=\"article:modified_time\" content=\"2026-03-10T02:18:11+00:00\" \/>\n<meta property=\"og:image\" content=\"https:\/\/pressinspection.com\/wp-content\/uploads\/2026\/02\/image_0-16.jpg\" \/>\n\t<meta property=\"og:image:width\" content=\"1200\" \/>\n\t<meta property=\"og:image:height\" content=\"1600\" \/>\n\t<meta property=\"og:image:type\" content=\"image\/jpeg\" \/>\n<meta name=\"twitter:card\" content=\"summary_large_image\" \/>\n<meta name=\"twitter:label1\" content=\"Cena\" \/>\n\t<meta name=\"twitter:data1\" content=\"&#036;1 174.95\" \/>\n\t<meta name=\"twitter:label2\" content=\"Dost\u0119pno\u015b\u0107\" \/>\n\t<meta name=\"twitter:data2\" content=\"Dost\u0119pny\" \/>\n<script type=\"application\/ld+json\" class=\"yoast-schema-graph\">{\"@context\":\"https:\/\/schema.org\",\"@graph\":[{\"@type\":\"WebPage\",\"@id\":\"https:\/\/pressinspection.com\/pl\/product\/rotaprint-r-45-k-from-1988\/\",\"url\":\"https:\/\/pressinspection.com\/pl\/product\/rotaprint-r-45-k-from-1988\/\",\"name\":\"ROTAPRINT R 45 K from 1988 | PressInspection\u2122\",\"isPartOf\":{\"@id\":\"https:\/\/pressinspection.com\/#website\"},\"primaryImageOfPage\":{\"@id\":\"https:\/\/pressinspection.com\/pl\/product\/rotaprint-r-45-k-from-1988\/#primaryimage\"},\"image\":{\"@id\":\"https:\/\/pressinspection.com\/pl\/product\/rotaprint-r-45-k-from-1988\/#primaryimage\"},\"thumbnailUrl\":\"https:\/\/pressinspection.com\/wp-content\/uploads\/2026\/02\/image_0-16.jpg\",\"datePublished\":\"2026-02-23T18:06:14+00:00\",\"dateModified\":\"2026-03-10T02:18:11+00:00\",\"description\":\"A B2B professional tool for print shops and service specialists to find and organise services in one secure system.\",\"breadcrumb\":{\"@id\":\"https:\/\/pressinspection.com\/pl\/product\/rotaprint-r-45-k-from-1988\/#breadcrumb\"},\"inLanguage\":\"pl-PL\",\"potentialAction\":[{\"@type\":\"ReadAction\",\"target\":[\"https:\/\/pressinspection.com\/pl\/product\/rotaprint-r-45-k-from-1988\/\"]}]},{\"@type\":\"ImageObject\",\"inLanguage\":\"pl-PL\",\"@id\":\"https:\/\/pressinspection.com\/pl\/product\/rotaprint-r-45-k-from-1988\/#primaryimage\",\"url\":\"https:\/\/pressinspection.com\/wp-content\/uploads\/2026\/02\/image_0-16.jpg\",\"contentUrl\":\"https:\/\/pressinspection.com\/wp-content\/uploads\/2026\/02\/image_0-16.jpg\",\"width\":1200,\"height\":1600},{\"@type\":\"BreadcrumbList\",\"@id\":\"https:\/\/pressinspection.com\/pl\/product\/rotaprint-r-45-k-from-1988\/#breadcrumb\",\"itemListElement\":[{\"@type\":\"ListItem\",\"position\":1,\"name\":\"Home\",\"item\":\"https:\/\/pressinspection.com\/pl\/\"},{\"@type\":\"ListItem\",\"position\":2,\"name\":\"Marketplace\",\"item\":\"https:\/\/pressinspection.com\/pl\/shop\/\"},{\"@type\":\"ListItem\",\"position\":3,\"name\":\"ROTAPRINT R 45 K from 1988\"}]},{\"@type\":\"WebSite\",\"@id\":\"https:\/\/pressinspection.com\/#website\",\"url\":\"https:\/\/pressinspection.com\/\",\"name\":\"PressInspection.com\",\"description\":\"A Global Sales Tool for Printing Professionals\",\"publisher\":{\"@id\":\"https:\/\/pressinspection.com\/#organization\"},\"alternateName\":\"Global Tool for Managing Services for Print Shops\",\"potentialAction\":[{\"@type\":\"SearchAction\",\"target\":{\"@type\":\"EntryPoint\",\"urlTemplate\":\"https:\/\/pressinspection.com\/?s={search_term_string}\"},\"query-input\":{\"@type\":\"PropertyValueSpecification\",\"valueRequired\":true,\"valueName\":\"search_term_string\"}}],\"inLanguage\":\"pl-PL\"},{\"@type\":\"Organization\",\"@id\":\"https:\/\/pressinspection.com\/#organization\",\"name\":\"PressInspection\u2122\",\"alternateName\":\"PressInspection.com\",\"url\":\"https:\/\/pressinspection.com\/\",\"logo\":{\"@type\":\"ImageObject\",\"inLanguage\":\"pl-PL\",\"@id\":\"https:\/\/pressinspection.com\/#\/schema\/logo\/image\/\",\"url\":\"https:\/\/pressinspection.com\/wp-content\/uploads\/2025\/12\/pressinspectionlogo-square.jpg\",\"contentUrl\":\"https:\/\/pressinspection.com\/wp-content\/uploads\/2025\/12\/pressinspectionlogo-square.jpg\",\"width\":1200,\"height\":1200,\"caption\":\"PressInspection\u2122\"},\"image\":{\"@id\":\"https:\/\/pressinspection.com\/#\/schema\/logo\/image\/\"},\"sameAs\":[\"https:\/\/www.facebook.com\/pressinspectioncom\/\",\"https:\/\/www.linkedin.com\/company\/pressinspection-com\"],\"description\":\"Kartonika Sp. z o.o.\",\"legalName\":\"Kartonika Sp. z o.o.\",\"foundingDate\":\"2015-12-03\",\"vatID\":\"PL7010516252\",\"numberOfEmployees\":{\"@type\":\"QuantitativeValue\",\"minValue\":\"1\",\"maxValue\":\"10\"},\"publishingPrinciples\":\"https:\/\/pressinspection.com\/refund-policy\/\",\"ownershipFundingInfo\":\"https:\/\/pressinspection.com\/refund-policy\/\"}]}<\/script>\n<meta property=\"product:price:amount\" content=\"1174.95\" \/>\n<meta property=\"product:price:currency\" content=\"USD\" \/>\n<meta property=\"og:availability\" content=\"instock\" \/>\n<meta property=\"product:availability\" content=\"instock\" \/>\n<meta property=\"product:retailer_item_id\" content=\"258452\" \/>\n<meta property=\"product:condition\" content=\"new\" \/>\n<!-- \/ Yoast SEO Premium plugin. -->","yoast_head_json":{"title":"ROTAPRINT R 45 K from 1988 | PressInspection\u2122","description":"A B2B professional tool for print shops and service specialists to find and organise services in one secure system.","robots":{"index":"index","follow":"follow","max-snippet":"max-snippet:-1","max-image-preview":"max-image-preview:large","max-video-preview":"max-video-preview:-1"},"canonical":"https:\/\/pressinspection.com\/pl\/product\/rotaprint-r-45-k-from-1988\/","og_locale":"pl_PL","og_type":"article","og_title":"Pressinspection.com | ROTAPRINT R 45 K from 1988","og_description":"A B2B professional tool for print shops and service specialists to find and organise services in one secure system.","og_url":"https:\/\/pressinspection.com\/pl\/product\/rotaprint-r-45-k-from-1988\/","og_site_name":"PressInspection\u2122","article_publisher":"https:\/\/www.facebook.com\/pressinspectioncom\/","article_modified_time":"2026-03-10T02:18:11+00:00","og_image":[{"width":1200,"height":1600,"url":"https:\/\/pressinspection.com\/wp-content\/uploads\/2026\/02\/image_0-16.jpg","type":"image\/jpeg"}],"twitter_card":"summary_large_image","twitter_misc":{"Cena":"&#36;1 174.95","Dost\u0119pno\u015b\u0107":"Dost\u0119pny"},"schema":{"@context":"https:\/\/schema.org","@graph":[{"@type":"WebPage","@id":"https:\/\/pressinspection.com\/pl\/product\/rotaprint-r-45-k-from-1988\/","url":"https:\/\/pressinspection.com\/pl\/product\/rotaprint-r-45-k-from-1988\/","name":"ROTAPRINT R 45 K from 1988 | PressInspection\u2122","isPartOf":{"@id":"https:\/\/pressinspection.com\/#website"},"primaryImageOfPage":{"@id":"https:\/\/pressinspection.com\/pl\/product\/rotaprint-r-45-k-from-1988\/#primaryimage"},"image":{"@id":"https:\/\/pressinspection.com\/pl\/product\/rotaprint-r-45-k-from-1988\/#primaryimage"},"thumbnailUrl":"https:\/\/pressinspection.com\/wp-content\/uploads\/2026\/02\/image_0-16.jpg","datePublished":"2026-02-23T18:06:14+00:00","dateModified":"2026-03-10T02:18:11+00:00","description":"A B2B professional tool for print shops and service specialists to find and organise services in one secure system.","breadcrumb":{"@id":"https:\/\/pressinspection.com\/pl\/product\/rotaprint-r-45-k-from-1988\/#breadcrumb"},"inLanguage":"pl-PL","potentialAction":[{"@type":"ReadAction","target":["https:\/\/pressinspection.com\/pl\/product\/rotaprint-r-45-k-from-1988\/"]}]},{"@type":"ImageObject","inLanguage":"pl-PL","@id":"https:\/\/pressinspection.com\/pl\/product\/rotaprint-r-45-k-from-1988\/#primaryimage","url":"https:\/\/pressinspection.com\/wp-content\/uploads\/2026\/02\/image_0-16.jpg","contentUrl":"https:\/\/pressinspection.com\/wp-content\/uploads\/2026\/02\/image_0-16.jpg","width":1200,"height":1600},{"@type":"BreadcrumbList","@id":"https:\/\/pressinspection.com\/pl\/product\/rotaprint-r-45-k-from-1988\/#breadcrumb","itemListElement":[{"@type":"ListItem","position":1,"name":"Home","item":"https:\/\/pressinspection.com\/pl\/"},{"@type":"ListItem","position":2,"name":"Marketplace","item":"https:\/\/pressinspection.com\/pl\/shop\/"},{"@type":"ListItem","position":3,"name":"ROTAPRINT R 45 K from 1988"}]},{"@type":"WebSite","@id":"https:\/\/pressinspection.com\/#website","url":"https:\/\/pressinspection.com\/","name":"PressInspection.com","description":"A Global Sales Tool for Printing Professionals","publisher":{"@id":"https:\/\/pressinspection.com\/#organization"},"alternateName":"Global Tool for Managing Services for Print Shops","potentialAction":[{"@type":"SearchAction","target":{"@type":"EntryPoint","urlTemplate":"https:\/\/pressinspection.com\/?s={search_term_string}"},"query-input":{"@type":"PropertyValueSpecification","valueRequired":true,"valueName":"search_term_string"}}],"inLanguage":"pl-PL"},{"@type":"Organization","@id":"https:\/\/pressinspection.com\/#organization","name":"PressInspection\u2122","alternateName":"PressInspection.com","url":"https:\/\/pressinspection.com\/","logo":{"@type":"ImageObject","inLanguage":"pl-PL","@id":"https:\/\/pressinspection.com\/#\/schema\/logo\/image\/","url":"https:\/\/pressinspection.com\/wp-content\/uploads\/2025\/12\/pressinspectionlogo-square.jpg","contentUrl":"https:\/\/pressinspection.com\/wp-content\/uploads\/2025\/12\/pressinspectionlogo-square.jpg","width":1200,"height":1200,"caption":"PressInspection\u2122"},"image":{"@id":"https:\/\/pressinspection.com\/#\/schema\/logo\/image\/"},"sameAs":["https:\/\/www.facebook.com\/pressinspectioncom\/","https:\/\/www.linkedin.com\/company\/pressinspection-com"],"description":"Kartonika Sp. z o.o.","legalName":"Kartonika Sp. z o.o.","foundingDate":"2015-12-03","vatID":"PL7010516252","numberOfEmployees":{"@type":"QuantitativeValue","minValue":"1","maxValue":"10"},"publishingPrinciples":"https:\/\/pressinspection.com\/refund-policy\/","ownershipFundingInfo":"https:\/\/pressinspection.com\/refund-policy\/"}]},"product_price_amount":"1174.95","product_price_currency":"USD","og_availability":"instock","product_availability":"instock","product_retailer_item_id":"258452","product_condition":"new"},"_links":{"self":[{"href":"https:\/\/pressinspection.com\/pl\/wp-json\/wp\/v2\/product\/25513","targetHints":{"allow":["GET"]}}],"collection":[{"href":"https:\/\/pressinspection.com\/pl\/wp-json\/wp\/v2\/product"}],"about":[{"href":"https:\/\/pressinspection.com\/pl\/wp-json\/wp\/v2\/types\/product"}],"replies":[{"embeddable":true,"href":"https:\/\/pressinspection.com\/pl\/wp-json\/wp\/v2\/comments?post=25513"}],"wp:featuredmedia":[{"embeddable":true,"href":"https:\/\/pressinspection.com\/pl\/wp-json\/wp\/v2\/media\/25399"}],"wp:attachment":[{"href":"https:\/\/pressinspection.com\/pl\/wp-json\/wp\/v2\/media?parent=25513"}],"wp:term":[{"taxonomy":"product_brand","embeddable":true,"href":"https:\/\/pressinspection.com\/pl\/wp-json\/wp\/v2\/product_brand?post=25513"},{"taxonomy":"product_cat","embeddable":true,"href":"https:\/\/pressinspection.com\/pl\/wp-json\/wp\/v2\/product_cat?post=25513"},{"taxonomy":"product_tag","embeddable":true,"href":"https:\/\/pressinspection.com\/pl\/wp-json\/wp\/v2\/product_tag?post=25513"}],"curies":[{"name":"wp","href":"https:\/\/api.w.org\/{rel}","templated":true}]}}